{"id":30063,"date":"2021-06-08T23:10:43","date_gmt":"2021-06-08T21:10:43","guid":{"rendered":"https:\/\/serviclean.be\/produit\/dm-cid-s-25-l-chlorierter-schaeumender-reinigungs-und-desinfektionsreiniger\/"},"modified":"2021-06-08T23:10:43","modified_gmt":"2021-06-08T21:10:43","slug":"dm-cid-s-25-l-chlorierter-schaeumender-reinigungs-und-desinfektionsreiniger","status":"publish","type":"product","link":"https:\/\/serviclean.be\/de\/produit\/dm-cid-s-25-l-chlorierter-schaeumender-reinigungs-und-desinfektionsreiniger\/","title":{"rendered":"DM Cid S 25 L \u2013 chlorierter, sch\u00e4umender Reinigungs- und Desinfektionsreiniger"},"content":{"rendered":"<p>DM Cid S 25 L ist ein chloriertes, alkalisches Schaumprodukt zur Reinigung und Desinfektion von Oberfl\u00e4chen in der Lebensmittelindustrie und im Transportsektor. Dank seiner mit Natriumhypochlorit angereicherten Formulierung gew\u00e4hrleistet es nach der Reinigung eine optimale Desinfektionswirkung. Es ist mit Schaum-Erzeugungssystemen verwendbar, haftet perfekt an den Oberfl\u00e4chen und sorgt so f\u00fcr eine verl\u00e4ngerte Kontaktzeit und eine verst\u00e4rkte Wirkung gegen Mikroorganismen.  <\/p>\n<p>Ideal f\u00fcr anspruchsvolle Umgebungen, in denen Sauberkeit und Hygiene Priorit\u00e4t haben.<\/p>\n<p><strong>Technische Informationen<\/strong><\/p>\n<ul>\n<li>Typ: alkalischer, sch\u00e4umender Reinigungs- und Desinfektionsreiniger<\/li>\n<li>Inhalt: 25 Liter<\/li>\n<li>Wirkstoffe: Natriumhypochlorit (Chlor)<\/li>\n<li>Wirkung: Reinigung + Desinfektion von Oberfl\u00e4chen<\/li>\n<li>Anwendung: durch Schaumauftrag (Schaumkanone, Reinigungsanlage)<\/li>\n<li>Anwendungsbereiche: Lebensmittelindustrie, Transport, Produktionslinien<\/li>\n<li>Eigenschaften: bakterizid, fungizid, viruzid (gem\u00e4\u00df geltenden Normen)<\/li>\n<\/ul>\n","protected":false},"excerpt":{"rendered":"<p>Chlorierter, alkalischer, sch\u00e4umender Reinigungs- und Desinfektionsreiniger f\u00fcr die Lebensmittelindustrie. Auf Basis von Natriumhypochlorit. Anwendung durch Schaumauftrag.<br \/>\n<strong><span style=\"color: #008000;\">Art.-<\/span><\/strong><strong><span style=\"color: #008000;\">Nr.: 5243<\/span><\/strong><\/p>\n","protected":false},"featured_media":30065,"template":"","meta":[],"product_brand":[],"product_cat":[574],"product_tag":[],"class_list":{"0":"post-30063","1":"product","2":"type-product","3":"status-publish","4":"has-post-thumbnail","6":"product_cat-hand-und-flachendesinfektion","8":"first","9":"onbackorder","10":"taxable","11":"shipping-taxable","12":"purchasable","13":"product-type-simple"},"acf":[],"_links":{"self":[{"href":"https:\/\/serviclean.be\/de\/wp-json\/wp\/v2\/product\/30063","targetHints":{"allow":["GET"]}}],"collection":[{"href":"https:\/\/serviclean.be\/de\/wp-json\/wp\/v2\/product"}],"about":[{"href":"https:\/\/serviclean.be\/de\/wp-json\/wp\/v2\/types\/product"}],"wp:featuredmedia":[{"embeddable":true,"href":"https:\/\/serviclean.be\/de\/wp-json\/wp\/v2\/media\/30065"}],"wp:attachment":[{"href":"https:\/\/serviclean.be\/de\/wp-json\/wp\/v2\/media?parent=30063"}],"wp:term":[{"taxonomy":"product_brand","embeddable":true,"href":"https:\/\/serviclean.be\/de\/wp-json\/wp\/v2\/product_brand?post=30063"},{"taxonomy":"product_cat","embeddable":true,"href":"https:\/\/serviclean.be\/de\/wp-json\/wp\/v2\/product_cat?post=30063"},{"taxonomy":"product_tag","embeddable":true,"href":"https:\/\/serviclean.be\/de\/wp-json\/wp\/v2\/product_tag?post=30063"}],"curies":[{"name":"wp","href":"https:\/\/api.w.org\/{rel}","templated":true}]}}