{"id":30027,"date":"2022-06-16T12:52:45","date_gmt":"2022-06-16T10:52:45","guid":{"rendered":"https:\/\/serviclean.be\/produit\/bisoft-blue-textilweichspueler-5-l\/"},"modified":"2022-06-16T12:52:45","modified_gmt":"2022-06-16T10:52:45","slug":"bisoft-blue-textilweichspueler-5-l","status":"publish","type":"product","link":"https:\/\/serviclean.be\/de\/produit\/bisoft-blue-textilweichspueler-5-l\/","title":{"rendered":"Bisoft Blue Textilweichsp\u00fcler 5 l"},"content":{"rendered":"<p>BISOFT BLUE Textilweichsp\u00fcler 5 l ist ein opaker, blau gef\u00e4rbter, parf\u00fcmierter Fl\u00fcssigweichsp\u00fcler, speziell entwickelt f\u00fcr W\u00e4sche in Gastronomie, Hotellerie und Arbeitskleidung aus Baumwolle. Er verleiht der W\u00e4sche optimale Geschmeidigkeit, beseitigt statische Elektrizit\u00e4t und f\u00f6rdert ein schnelleres Trocknen. <\/p>\n<p>Mit einem pH-Wert von etwa 3 schont er die Textilfasern und hinterl\u00e4sst einen angenehmen Duft auf Ihrer Kleidung. Anwendbar im letzten Sp\u00fclgang, ist die Dosierung einfach: ca. 5 g pro kg W\u00e4sche oder \u00bd Verschlusskappe pro kg. Kompatibel mit automatischen Dosiersystemen, erleichtert er die Anwendung im professionellen Umfeld.  <\/p>\n<p>Konform mit den Anforderungen an die biologische Abbaubarkeit gem\u00e4\u00df Verordnung (EG) Nr. 648\/2004 vereint BISOFT BLUE Leistung und Umweltfreundlichkeit.<\/p>\n<p><strong>Hauptmerkmale<\/strong><\/p>\n<ul>\n<li>Opaker, blau gef\u00e4rbter, parf\u00fcmierter Fl\u00fcssig-Textilweichsp\u00fcler<\/li>\n<li>Geeignet f\u00fcr W\u00e4sche in Gastronomie, Hotellerie und Arbeitskleidung aus Baumwolle<\/li>\n<li>Sorgt f\u00fcr Geschmeidigkeit, beseitigt statische Elektrizit\u00e4t und f\u00f6rdert das Trocknen<\/li>\n<li>pH: ca. 3<\/li>\n<li>Relative Dichte: 1 (20 \u00b0C)<\/li>\n<li>Dosierung: 5 g pro kg W\u00e4sche oder \u00bd Verschlusskappe pro kg im letzten Sp\u00fclgang<\/li>\n<li>Kompatibel mit automatischem Dosiersystem<\/li>\n<li>Konform mit der biologischen Abbaubarkeit von Detergenzien (Verordnung (EG) Nr. 648\/2004)<\/li>\n<li>Inhalt: 5 Liter<\/li>\n<\/ul>\n<p><span style=\"color: #008000;\"><strong>Ref.: 5617<\/strong><\/span><\/p>\n","protected":false},"excerpt":{"rendered":"<p>BISOFT BLUE Textilweichsp\u00fcler 5 l, parf\u00fcmierte blaue Fl\u00fcssigkeit f\u00fcr professionelle W\u00e4sche in Gastronomie, Hotellerie und Arbeitskleidung. Macht weich, beseitigt statische Elektrizit\u00e4t und f\u00f6rdert das Trocknen.<br \/>\n<span style=\"color: #008000;\"><strong>Ref.: 5617<\/strong><\/span><\/p>\n","protected":false},"featured_media":30032,"template":"","meta":[],"product_brand":[],"product_cat":[602,644],"product_tag":[],"class_list":{"0":"post-30027","1":"product","2":"type-product","3":"status-publish","4":"has-post-thumbnail","6":"product_cat-waschmittel-und-weichspuler","7":"product_cat-umweltzeichen-produkte","9":"first","10":"instock","11":"taxable","12":"shipping-taxable","13":"purchasable","14":"product-type-simple"},"acf":[],"_links":{"self":[{"href":"https:\/\/serviclean.be\/de\/wp-json\/wp\/v2\/product\/30027","targetHints":{"allow":["GET"]}}],"collection":[{"href":"https:\/\/serviclean.be\/de\/wp-json\/wp\/v2\/product"}],"about":[{"href":"https:\/\/serviclean.be\/de\/wp-json\/wp\/v2\/types\/product"}],"wp:featuredmedia":[{"embeddable":true,"href":"https:\/\/serviclean.be\/de\/wp-json\/wp\/v2\/media\/30032"}],"wp:attachment":[{"href":"https:\/\/serviclean.be\/de\/wp-json\/wp\/v2\/media?parent=30027"}],"wp:term":[{"taxonomy":"product_brand","embeddable":true,"href":"https:\/\/serviclean.be\/de\/wp-json\/wp\/v2\/product_brand?post=30027"},{"taxonomy":"product_cat","embeddable":true,"href":"https:\/\/serviclean.be\/de\/wp-json\/wp\/v2\/product_cat?post=30027"},{"taxonomy":"product_tag","embeddable":true,"href":"https:\/\/serviclean.be\/de\/wp-json\/wp\/v2\/product_tag?post=30027"}],"curies":[{"name":"wp","href":"https:\/\/api.w.org\/{rel}","templated":true}]}}