{"id":30020,"date":"2022-07-06T15:22:33","date_gmt":"2022-07-06T13:22:33","guid":{"rendered":"https:\/\/serviclean.be\/produit\/hg-intensivreiniger-fuer-leder-250-ml\/"},"modified":"2022-07-06T15:22:33","modified_gmt":"2022-07-06T13:22:33","slug":"hg-intensivreiniger-fuer-leder-250-ml","status":"publish","type":"product","link":"https:\/\/serviclean.be\/de\/produit\/hg-intensivreiniger-fuer-leder-250-ml\/","title":{"rendered":"HG Intensivreiniger f\u00fcr Leder 250 ml"},"content":{"rendered":"<h2>Wann sollte man ein Lederreinigungsmittel verwenden?<\/h2>\n<p>Suchen Sie einen Lederreiniger? Das HG Lederreinigungsmittel reinigt bis tief in die Poren der Lederoberfl\u00e4che und ist eine gute Vorbereitung f\u00fcr eine Behandlung mit HG 4 in 1 f\u00fcr Leder. Dieser Lederreiniger ist nicht f\u00fcr unges\u00e4ttigte Lederarten wie Wildleder, Nubuk und stark abgenutztes Leder geeignet. Im Zweifelsfall testen Sie das Produkt an einer unauff\u00e4lligen Stelle. Wenn der behandelte Bereich nach dem Trocknen (ca. 30 Min.) eine dunkle Verf\u00e4rbung beh\u00e4lt, behandeln Sie das Leder nicht.    <\/p>\n<h2>Wie verwendet man HG Intensivreiniger f\u00fcr Leder?<\/h2>\n<p>Befolgen Sie die folgenden Schritte, um HG Intensivreiniger f\u00fcr Leder korrekt anzuwenden.<\/p>\n<ol>\n<li>Vor Gebrauch gut sch\u00fctteln.<\/li>\n<li>Befeuchten Sie ein sauberes, weiches Tuch mit HG Intensivreiniger f\u00fcr Leder.<\/li>\n<li>Reinigen Sie anschlie\u00dfend die Lederoberfl\u00e4che, indem Sie in kreisenden Bewegungen ohne Druck reiben. Bei Flecken das Produkt 10 bis 30 Sekunden einwirken lassen und den gel\u00f6sten Schmutz mit einem sauberen Tuch abwischen. Bei gr\u00f6\u00dferen Fl\u00e4chen das Tuch regelm\u00e4\u00dfig wechseln.  <\/li>\n<li>Nach dem Trocknen (ca. 30 Min.) kann die gereinigte Oberfl\u00e4che mit HG 4 in 1 f\u00fcr Leder behandelt werden.<\/li>\n<\/ol>\n<p>Um stark anhaftende, getrocknete Flecken auf der Deckschicht (Tinte, Marker, Nagellack usw.) und tief eingedrungene Hautfette zu entfernen, muss ein L\u00f6sungsmittel verwendet werden. Ein acetonhaltiges Produkt zum Beispiel, das jedoch die Deckschicht angreifen kann. Deshalb ist es wichtig, neue Flecken durch die Verwendung von HG 4 in 1 f\u00fcr Leder oder HG Impr\u00e4gniermittel f\u00fcr Leder gegen Wasser, \u00d6l, Fett und andere Verschmutzungen zu vermeiden.  <\/p>\n","protected":false},"excerpt":{"rendered":"<p>Das HG Lederreinigungsmittel ist ein mildes Reinigungsmittel auf Wasserbasis, ideal f\u00fcr die porentiefe Reinigung von Anilin- und pigmentierten Ledern (M\u00f6bel, Koffer, Taschen usw.). Dieser Lederreiniger wirkt sanft und sicher. <\/p>\n<p><span style=\"color: #008000;\"><strong>Art.-Nr.: 1493<\/strong><\/span><\/p>\n","protected":false},"featured_media":30026,"template":"","meta":[],"product_brand":[],"product_cat":[578],"product_tag":[],"class_list":{"0":"post-30020","1":"product","2":"type-product","3":"status-publish","4":"has-post-thumbnail","6":"product_cat-pflegeprodukte","8":"first","9":"instock","10":"taxable","11":"shipping-taxable","12":"purchasable","13":"product-type-simple"},"acf":[],"_links":{"self":[{"href":"https:\/\/serviclean.be\/de\/wp-json\/wp\/v2\/product\/30020","targetHints":{"allow":["GET"]}}],"collection":[{"href":"https:\/\/serviclean.be\/de\/wp-json\/wp\/v2\/product"}],"about":[{"href":"https:\/\/serviclean.be\/de\/wp-json\/wp\/v2\/types\/product"}],"wp:featuredmedia":[{"embeddable":true,"href":"https:\/\/serviclean.be\/de\/wp-json\/wp\/v2\/media\/30026"}],"wp:attachment":[{"href":"https:\/\/serviclean.be\/de\/wp-json\/wp\/v2\/media?parent=30020"}],"wp:term":[{"taxonomy":"product_brand","embeddable":true,"href":"https:\/\/serviclean.be\/de\/wp-json\/wp\/v2\/product_brand?post=30020"},{"taxonomy":"product_cat","embeddable":true,"href":"https:\/\/serviclean.be\/de\/wp-json\/wp\/v2\/product_cat?post=30020"},{"taxonomy":"product_tag","embeddable":true,"href":"https:\/\/serviclean.be\/de\/wp-json\/wp\/v2\/product_tag?post=30020"}],"curies":[{"name":"wp","href":"https:\/\/api.w.org\/{rel}","templated":true}]}}