{"id":30014,"date":"2022-07-06T15:25:51","date_gmt":"2022-07-06T13:25:51","guid":{"rendered":"https:\/\/serviclean.be\/produit\/eres-lederpflegebalsam-225-ml\/"},"modified":"2022-07-06T15:25:51","modified_gmt":"2022-07-06T13:25:51","slug":"eres-lederpflegebalsam-225-ml","status":"publish","type":"product","link":"https:\/\/serviclean.be\/de\/produit\/eres-lederpflegebalsam-225-ml\/","title":{"rendered":"Eres Lederpflegebalsam &#8211; 225 ml"},"content":{"rendered":"<p><strong>REINIGT<\/strong><\/p>\n<p><em>Eres LEDERBALSAM <\/em>entfernt oberfl\u00e4chlichen Schmutz von Ihren Handtaschen, Schuhen, Sesseln und Autolederbez\u00fcgen. Der Balsam enth\u00e4lt keine L\u00f6sungsmittel und ist daher absolut sicher f\u00fcr Ihr wertvolles Leder. <\/p>\n<p><strong>PFLEGT<\/strong><\/p>\n<p><em>Eres LEDERBALSAM <\/em>enth\u00e4lt u. a. Lanolin, das die Geschmeidigkeit Ihres Leders wiederherstellt.<\/p>\n<p><strong>SCH\u00dcTZT<\/strong><\/p>\n<p>Die im Balsam enthaltene Wachsmischung sch\u00fctzt das Leder und sorgt f\u00fcr einen nat\u00fcrlichen Glanz.<br \/>\nLesen Sie das Etikett sorgf\u00e4ltig!<\/p>\n<p>Umweltinformationen: Die Flasche (PE) und der Verschluss (PP) sind zu 100 % recycelbar und k\u00f6nnen nach dem Sp\u00fclen in den PMC-Sack gegeben werden. L\u00f6sungsmittelfreies Produkt. Die pflegenden Inhaltsstoffe sind pflanzlichen Ursprungs und leicht biologisch abbaubar.  <\/p>\n","protected":false},"excerpt":{"rendered":"<p>Komplettpflege, die Ihr Leder wie neu aussehen l\u00e4sst. Geeignet f\u00fcr alle nat\u00fcrlichen oder farbigen, glatten oder strukturierten Lederarten. <\/p>\n<p><span style=\"color: #008000;\"><strong>Art.-Nr.: 13847<\/strong><\/span><\/p>\n","protected":false},"featured_media":30019,"template":"","meta":[],"product_brand":[],"product_cat":[578],"product_tag":[],"class_list":{"0":"post-30014","1":"product","2":"type-product","3":"status-publish","4":"has-post-thumbnail","6":"product_cat-pflegeprodukte","8":"first","9":"instock","10":"taxable","11":"shipping-taxable","12":"purchasable","13":"product-type-simple"},"acf":[],"_links":{"self":[{"href":"https:\/\/serviclean.be\/de\/wp-json\/wp\/v2\/product\/30014","targetHints":{"allow":["GET"]}}],"collection":[{"href":"https:\/\/serviclean.be\/de\/wp-json\/wp\/v2\/product"}],"about":[{"href":"https:\/\/serviclean.be\/de\/wp-json\/wp\/v2\/types\/product"}],"wp:featuredmedia":[{"embeddable":true,"href":"https:\/\/serviclean.be\/de\/wp-json\/wp\/v2\/media\/30019"}],"wp:attachment":[{"href":"https:\/\/serviclean.be\/de\/wp-json\/wp\/v2\/media?parent=30014"}],"wp:term":[{"taxonomy":"product_brand","embeddable":true,"href":"https:\/\/serviclean.be\/de\/wp-json\/wp\/v2\/product_brand?post=30014"},{"taxonomy":"product_cat","embeddable":true,"href":"https:\/\/serviclean.be\/de\/wp-json\/wp\/v2\/product_cat?post=30014"},{"taxonomy":"product_tag","embeddable":true,"href":"https:\/\/serviclean.be\/de\/wp-json\/wp\/v2\/product_tag?post=30014"}],"curies":[{"name":"wp","href":"https:\/\/api.w.org\/{rel}","templated":true}]}}