{"id":30007,"date":"2022-07-06T15:48:53","date_gmt":"2022-07-06T13:48:53","guid":{"rendered":"https:\/\/serviclean.be\/produit\/forever-eco-white-spirit-1-l\/"},"modified":"2022-07-06T15:48:53","modified_gmt":"2022-07-06T13:48:53","slug":"forever-eco-white-spirit-1-l","status":"publish","type":"product","link":"https:\/\/serviclean.be\/de\/produit\/forever-eco-white-spirit-1-l\/","title":{"rendered":"Forever: Eco White Spirit 1 l"},"content":{"rendered":"<p>Unbedenklich f\u00fcr Mensch und Umwelt.<\/p>\n<p><em><strong>Eigenschaften<\/strong><\/em>:<\/p>\n<p>Ohne VOC.<\/p>\n<p>Geruchlos.<\/p>\n<p>Nicht entz\u00fcndlich.<\/p>\n<p>Biologisch abbaubar.<\/p>\n<p><em><strong>Anwendungen<\/strong><\/em>:<\/p>\n<p>Verd\u00fcnnung von Alkydharzlacken und -farben sowie Lacken (max. 10 %, ohne sp\u00fcrbare Ver\u00e4nderung der Trocknungszeit).<\/p>\n<p>Reinigung von frischen Farbflecken auf B\u00f6den und Holzoberfl\u00e4chen.<\/p>\n<p>Pflege und Reinigung von Malerwerkzeug (Pinsel, Spritzpistole, &#8230;)<\/p>\n","protected":false},"excerpt":{"rendered":"<p>Verd\u00fcnnung von Alkydharzlacken und -farben sowie Lacken (max. 10 %). Reinigung von frischen Farbflecken auf B\u00f6den und Holzoberfl\u00e4chen. Pflege und Reinigung von Malerwerkzeug (Pinsel, Spritzpistole, &#8230;)<br \/>\n<span style=\"color: #008000;\"><strong>Ref.: 3040<\/strong><\/span><\/p>\n","protected":false},"featured_media":30009,"template":"","meta":[],"product_brand":[],"product_cat":[617],"product_tag":[],"class_list":{"0":"post-30007","1":"product","2":"type-product","3":"status-publish","4":"has-post-thumbnail","6":"product_cat-verschiedenes","8":"first","9":"instock","10":"taxable","11":"shipping-taxable","12":"purchasable","13":"product-type-simple"},"acf":[],"_links":{"self":[{"href":"https:\/\/serviclean.be\/de\/wp-json\/wp\/v2\/product\/30007","targetHints":{"allow":["GET"]}}],"collection":[{"href":"https:\/\/serviclean.be\/de\/wp-json\/wp\/v2\/product"}],"about":[{"href":"https:\/\/serviclean.be\/de\/wp-json\/wp\/v2\/types\/product"}],"wp:featuredmedia":[{"embeddable":true,"href":"https:\/\/serviclean.be\/de\/wp-json\/wp\/v2\/media\/30009"}],"wp:attachment":[{"href":"https:\/\/serviclean.be\/de\/wp-json\/wp\/v2\/media?parent=30007"}],"wp:term":[{"taxonomy":"product_brand","embeddable":true,"href":"https:\/\/serviclean.be\/de\/wp-json\/wp\/v2\/product_brand?post=30007"},{"taxonomy":"product_cat","embeddable":true,"href":"https:\/\/serviclean.be\/de\/wp-json\/wp\/v2\/product_cat?post=30007"},{"taxonomy":"product_tag","embeddable":true,"href":"https:\/\/serviclean.be\/de\/wp-json\/wp\/v2\/product_tag?post=30007"}],"curies":[{"name":"wp","href":"https:\/\/api.w.org\/{rel}","templated":true}]}}