{"id":29968,"date":"2022-02-23T14:48:04","date_gmt":"2022-02-23T13:48:04","guid":{"rendered":"https:\/\/serviclean.be\/produit\/to-go-kraft-salatschalen-deckel-pp-heiss-500-ml-300-stk\/"},"modified":"2022-02-23T14:48:04","modified_gmt":"2022-02-23T13:48:04","slug":"to-go-kraft-salatschalen-deckel-pp-heiss-500-ml-300-stk","status":"publish","type":"product","link":"https:\/\/serviclean.be\/de\/produit\/to-go-kraft-salatschalen-deckel-pp-heiss-500-ml-300-stk\/","title":{"rendered":"To Go Kraft-Salatschalen-Deckel PP (Hei\u00df) 500 ml (300 Stk.)"},"content":{"rendered":"<p>Transparente PP-Salatschalen-Deckel, erh\u00e4ltlich f\u00fcr die Verwendung mit hei\u00dfen Speisen.<\/p>\n","protected":false},"excerpt":{"rendered":"<p><span data-sheets-value=\"{\"1\":2,\"2\":\"Dimensions : 148mm\"}\" data-sheets-userformat=\"{\"2\":14337,\"3\":{\"1\":0,\"3\":1},\"14\":{\"1\":3,\"3\":1},\"15\":\"Calibri\",\"16\":11}\">Ma\u00dfe: 148 mm<\/span><\/p>\n<p>Karton mit 300 Stk.<\/p>\n<p><span style=\"color: #008000;\"><strong>Art.-Nr.: 0658<\/strong><\/span><\/p>\n","protected":false},"featured_media":29970,"template":"","meta":[],"product_brand":[],"product_cat":[624,718],"product_tag":[],"class_list":{"0":"post-29968","1":"product","2":"type-product","3":"status-publish","4":"has-post-thumbnail","6":"product_cat-catering","7":"product_cat-kraft-salatschalen-deckel-pp","9":"first","10":"instock","11":"taxable","12":"shipping-taxable","13":"purchasable","14":"product-type-simple"},"acf":[],"_links":{"self":[{"href":"https:\/\/serviclean.be\/de\/wp-json\/wp\/v2\/product\/29968","targetHints":{"allow":["GET"]}}],"collection":[{"href":"https:\/\/serviclean.be\/de\/wp-json\/wp\/v2\/product"}],"about":[{"href":"https:\/\/serviclean.be\/de\/wp-json\/wp\/v2\/types\/product"}],"wp:featuredmedia":[{"embeddable":true,"href":"https:\/\/serviclean.be\/de\/wp-json\/wp\/v2\/media\/29970"}],"wp:attachment":[{"href":"https:\/\/serviclean.be\/de\/wp-json\/wp\/v2\/media?parent=29968"}],"wp:term":[{"taxonomy":"product_brand","embeddable":true,"href":"https:\/\/serviclean.be\/de\/wp-json\/wp\/v2\/product_brand?post=29968"},{"taxonomy":"product_cat","embeddable":true,"href":"https:\/\/serviclean.be\/de\/wp-json\/wp\/v2\/product_cat?post=29968"},{"taxonomy":"product_tag","embeddable":true,"href":"https:\/\/serviclean.be\/de\/wp-json\/wp\/v2\/product_tag?post=29968"}],"curies":[{"name":"wp","href":"https:\/\/api.w.org\/{rel}","templated":true}]}}