{"id":29965,"date":"2022-07-06T15:55:25","date_gmt":"2022-07-06T13:55:25","guid":{"rendered":"https:\/\/serviclean.be\/produit\/forever-oeko-entkalker-1-l\/"},"modified":"2022-07-06T15:55:25","modified_gmt":"2022-07-06T13:55:25","slug":"forever-oeko-entkalker-1-l","status":"publish","type":"product","link":"https:\/\/serviclean.be\/de\/produit\/forever-oeko-entkalker-1-l\/","title":{"rendered":"Forever: \u00d6ko-Entkalker 1 L"},"content":{"rendered":"<p>Unbedenklich f\u00fcr Mensch und Umwelt.<\/p>\n<p><em><strong>Eigenschaften<\/strong><\/em>:<\/p>\n<p>Kurative und pr\u00e4ventive Wirkung.<\/p>\n<p>Entkalkt und l\u00f6st mineralischen Kalk.<\/p>\n<p>Bringt zum Gl\u00e4nzen, pflegt Oberfl\u00e4chen.<\/p>\n<p>Begrenzt die erneute Ablagerung von Schmutz.<\/p>\n<p>Materialschonend.<\/p>\n<p>Desodoriert. Angenehmer Duft. <\/p>\n<p>100 % nat\u00fcrliche und biologisch abbaubare Tenside.<\/p>\n<p>Badezimmer, WCs, Urinale, Abfl\u00fcsse, Duschw\u00e4nde und -paneele, Armaturen, Fliesen, Emaille, Steingut, Zementschleier (Zementmilch), Bootsr\u00fcmpfe&#8230;<\/p>\n<p>Kompatibel mit Kl\u00e4rgruben.<\/p>\n<p>Nicht als pH-Regulator f\u00fcr Schwimmb\u00e4der verwenden.<\/p>\n<p><em><strong>Anwendung<\/strong><\/em>:<\/p>\n<p>Gebrauchsfertiges Produkt.<\/p>\n<p>Direkt auf die zu behandelnde Oberfl\u00e4che auftragen.<\/p>\n<p>Einige Augenblicke einwirken lassen, dann mit klarem Wasser absp\u00fclen.<\/p>\n<p>Bei starken Ablagerungen den Vorgang wiederholen und vor dem Absp\u00fclen l\u00e4nger einwirken lassen.<\/p>\n<p>Werkzeuge mit klarem Wasser reinigen.<\/p>\n<p>Nicht auf Marmor und empfindlichem Edelstahl anwenden.<\/p>\n<p>Vor Licht gesch\u00fctzt lagern.<\/p>\n","protected":false},"excerpt":{"rendered":"<p>Reinigt und entkalkt effektiv. Pflegt und bringt zum Gl\u00e4nzen. Begrenzt die erneute Ablagerung von Schmutz. Pflegt die Leitungen unter Schonung der Materialien.<br \/>\n<span style=\"color: #008000;\"><strong>Art.-Nr.: 11631<\/strong><\/span><\/p>\n","protected":false},"featured_media":29967,"template":"","meta":[],"product_brand":[],"product_cat":[617],"product_tag":[],"class_list":{"0":"post-29965","1":"product","2":"type-product","3":"status-publish","4":"has-post-thumbnail","6":"product_cat-verschiedenes","8":"first","9":"instock","10":"taxable","11":"shipping-taxable","12":"purchasable","13":"product-type-simple"},"acf":[],"_links":{"self":[{"href":"https:\/\/serviclean.be\/de\/wp-json\/wp\/v2\/product\/29965","targetHints":{"allow":["GET"]}}],"collection":[{"href":"https:\/\/serviclean.be\/de\/wp-json\/wp\/v2\/product"}],"about":[{"href":"https:\/\/serviclean.be\/de\/wp-json\/wp\/v2\/types\/product"}],"wp:featuredmedia":[{"embeddable":true,"href":"https:\/\/serviclean.be\/de\/wp-json\/wp\/v2\/media\/29967"}],"wp:attachment":[{"href":"https:\/\/serviclean.be\/de\/wp-json\/wp\/v2\/media?parent=29965"}],"wp:term":[{"taxonomy":"product_brand","embeddable":true,"href":"https:\/\/serviclean.be\/de\/wp-json\/wp\/v2\/product_brand?post=29965"},{"taxonomy":"product_cat","embeddable":true,"href":"https:\/\/serviclean.be\/de\/wp-json\/wp\/v2\/product_cat?post=29965"},{"taxonomy":"product_tag","embeddable":true,"href":"https:\/\/serviclean.be\/de\/wp-json\/wp\/v2\/product_tag?post=29965"}],"curies":[{"name":"wp","href":"https:\/\/api.w.org\/{rel}","templated":true}]}}