{"id":29964,"date":"2022-09-04T17:10:55","date_gmt":"2022-09-04T15:10:55","guid":{"rendered":"https:\/\/serviclean.be\/produit\/unger-glasreinigungs-fluessigkonzentrat-5-l-konzentrat\/"},"modified":"2022-09-04T17:10:55","modified_gmt":"2022-09-04T15:10:55","slug":"unger-glasreinigungs-fluessigkonzentrat-5-l-konzentrat","status":"publish","type":"product","link":"https:\/\/serviclean.be\/de\/produit\/unger-glasreinigungs-fluessigkonzentrat-5-l-konzentrat\/","title":{"rendered":"Unger Glasreinigungs-Fl\u00fcssigkonzentrat 5 l \u2013 Konzentrat"},"content":{"rendered":"<p>Das Unger Glasreinigungs-Fl\u00fcssigkonzentrat 5 l ist eine hochkonzentrierte professionelle L\u00f6sung, die f\u00fcr eine hohe Reinigungskraft und ein tadelloses, streifenfreies Ergebnis entwickelt wurde.<\/p>\n<p>Sehr wirtschaftlich und \u00f6kologisch: Es gen\u00fcgt, das Produkt dem Wasser beizumischen, um eine wirksame L\u00f6sung zu erhalten, wodurch der Reinigungsmittelverbrauch und die Umweltbelastung reduziert werden. Dank des 5-Liter-Formats ist es ideal f\u00fcr Reinigungsunternehmen, \u00f6ffentliche Einrichtungen, Hotels, B\u00fcros und Gesch\u00e4fte, die eine h\u00e4ufige und intensive Nutzung ben\u00f6tigen. <\/p>\n<p><strong>Technische Daten:<\/strong><\/p>\n<ul>\n<li>Produkt: Glasreinigungs-Fl\u00fcssigkonzentrat<\/li>\n<li>Marke: Unger<\/li>\n<li>Inhalt: 5 l<\/li>\n<\/ul>\n<p><strong>Eigenschaften:<\/strong><\/p>\n<ul>\n<li>Hochkonzentriert<\/li>\n<li>Hohe Reinigungskraft<\/li>\n<li>Wirtschaftlich: geringe Dosierung ausreichend<\/li>\n<li>\u00d6kologisch: reduzierter Verbrauch, begrenzte Auswirkungen<\/li>\n<\/ul>\n<p><strong>Anwendungsbereiche:<\/strong><\/p>\n<ul>\n<li>Reinigungsunternehmen<\/li>\n<li>\u00d6ffentliche Einrichtungen, Hotels, B\u00fcros, Gesch\u00e4fte<\/li>\n<li>Kompatibel mit Einwaschern und Glasabziehern<\/li>\n<\/ul>\n<p><strong>Gebrauchsanweisung:<\/strong><\/p>\n<ul>\n<li>Verd\u00fcnnen Sie eine kleine Menge des Produkts in einem Eimer Wasser (Dosierung je nach Verschmutzung).<\/li>\n<li>Mit einem Einwascher oder einem Mikrofaserbezug auftragen.<\/li>\n<li>Verwenden Sie einen Glasabzieher, um das Wasser zu entfernen und ein streifenfreies Ergebnis zu erzielen.<\/li>\n<li>Sp\u00fclen Sie das Material nach Gebrauch ab.<\/li>\n<\/ul>\n","protected":false},"excerpt":{"rendered":"<p>Unger Glasreiniger 5 l Konzentrat. Hohe Reinigungskraft, wirtschaftlich und \u00f6kologisch. Zur Verd\u00fcnnung in Wasser f\u00fcr ein professionelles, streifenfreies Ergebnis.  <\/p>\n<p><span style=\"color: #008000;\"><strong>Art.-Nr.: 5626<\/strong><\/span><\/p>\n","protected":false},"featured_media":29966,"template":"","meta":[],"product_brand":[],"product_cat":[576],"product_tag":[577],"class_list":{"0":"post-29964","1":"product","2":"type-product","3":"status-publish","4":"has-post-thumbnail","6":"product_cat-fensterreinigungszubehor","7":"product_tag-unger","9":"first","10":"instock","11":"taxable","12":"shipping-taxable","13":"purchasable","14":"product-type-simple"},"acf":[],"_links":{"self":[{"href":"https:\/\/serviclean.be\/de\/wp-json\/wp\/v2\/product\/29964","targetHints":{"allow":["GET"]}}],"collection":[{"href":"https:\/\/serviclean.be\/de\/wp-json\/wp\/v2\/product"}],"about":[{"href":"https:\/\/serviclean.be\/de\/wp-json\/wp\/v2\/types\/product"}],"wp:featuredmedia":[{"embeddable":true,"href":"https:\/\/serviclean.be\/de\/wp-json\/wp\/v2\/media\/29966"}],"wp:attachment":[{"href":"https:\/\/serviclean.be\/de\/wp-json\/wp\/v2\/media?parent=29964"}],"wp:term":[{"taxonomy":"product_brand","embeddable":true,"href":"https:\/\/serviclean.be\/de\/wp-json\/wp\/v2\/product_brand?post=29964"},{"taxonomy":"product_cat","embeddable":true,"href":"https:\/\/serviclean.be\/de\/wp-json\/wp\/v2\/product_cat?post=29964"},{"taxonomy":"product_tag","embeddable":true,"href":"https:\/\/serviclean.be\/de\/wp-json\/wp\/v2\/product_tag?post=29964"}],"curies":[{"name":"wp","href":"https:\/\/api.w.org\/{rel}","templated":true}]}}