{"id":29960,"date":"2022-07-06T16:48:34","date_gmt":"2022-07-06T14:48:34","guid":{"rendered":"https:\/\/serviclean.be\/produit\/forever-synthetischer-verduenner-1-l\/"},"modified":"2022-07-06T16:48:34","modified_gmt":"2022-07-06T14:48:34","slug":"forever-synthetischer-verduenner-1-l","status":"publish","type":"product","link":"https:\/\/serviclean.be\/de\/produit\/forever-synthetischer-verduenner-1-l\/","title":{"rendered":"Forever: Synthetischer Verd\u00fcnner 1 L"},"content":{"rendered":"<p>Verd\u00fcnner f\u00fcr synthetische Lacke.<\/p>\n<p>Entfernt teerhaltige Flecken.<\/p>\n","protected":false},"excerpt":{"rendered":"<p>Zum Verd\u00fcnnen von Alkydharzlacken. Reinigung von Spritzpistolen und Pinseln. Verd\u00fcnner f\u00fcr teerhaltige Produkte. Entfernt frische Farbflecken.<br \/>\n<span style=\"color: #008000;\"><strong>Art.-Nr.: 11632<\/strong><\/span><\/p>\n","protected":false},"featured_media":29963,"template":"","meta":[],"product_brand":[],"product_cat":[617],"product_tag":[],"class_list":{"0":"post-29960","1":"product","2":"type-product","3":"status-publish","4":"has-post-thumbnail","6":"product_cat-verschiedenes","8":"first","9":"instock","10":"taxable","11":"shipping-taxable","12":"purchasable","13":"product-type-simple"},"acf":[],"_links":{"self":[{"href":"https:\/\/serviclean.be\/de\/wp-json\/wp\/v2\/product\/29960","targetHints":{"allow":["GET"]}}],"collection":[{"href":"https:\/\/serviclean.be\/de\/wp-json\/wp\/v2\/product"}],"about":[{"href":"https:\/\/serviclean.be\/de\/wp-json\/wp\/v2\/types\/product"}],"wp:featuredmedia":[{"embeddable":true,"href":"https:\/\/serviclean.be\/de\/wp-json\/wp\/v2\/media\/29963"}],"wp:attachment":[{"href":"https:\/\/serviclean.be\/de\/wp-json\/wp\/v2\/media?parent=29960"}],"wp:term":[{"taxonomy":"product_brand","embeddable":true,"href":"https:\/\/serviclean.be\/de\/wp-json\/wp\/v2\/product_brand?post=29960"},{"taxonomy":"product_cat","embeddable":true,"href":"https:\/\/serviclean.be\/de\/wp-json\/wp\/v2\/product_cat?post=29960"},{"taxonomy":"product_tag","embeddable":true,"href":"https:\/\/serviclean.be\/de\/wp-json\/wp\/v2\/product_tag?post=29960"}],"curies":[{"name":"wp","href":"https:\/\/api.w.org\/{rel}","templated":true}]}}