{"id":29953,"date":"2022-09-08T09:57:21","date_gmt":"2022-09-08T07:57:21","guid":{"rendered":"https:\/\/serviclean.be\/produit\/mikrofaser-reinigungstuch-tricot-luxe-blau-80-x-40-cm\/"},"modified":"2022-09-08T09:57:21","modified_gmt":"2022-09-08T07:57:21","slug":"mikrofaser-reinigungstuch-tricot-luxe-blau-80-x-40-cm","status":"publish","type":"product","link":"https:\/\/serviclean.be\/de\/produit\/mikrofaser-reinigungstuch-tricot-luxe-blau-80-x-40-cm\/","title":{"rendered":"Mikrofaser-Reinigungstuch Tricot Luxe Blau 80 x 40 cm"},"content":{"rendered":"","protected":false},"excerpt":{"rendered":"<p>Mikrofaser Tricot Luxe 80 x 40 cm aus gewebtem Stoff. Hervorragende Reinigungsqualit\u00e4t. Sehr dick und saugf\u00e4hig. Verwendung: B\u00f6den, \u00d6fen, Autos, industrielle Reinigung,\u2026   <\/p>\n<p><strong><span style=\"color: #008000;\">REF: 2904<\/span><\/strong><\/p>\n","protected":false},"featured_media":29954,"template":"","meta":[],"product_brand":[],"product_cat":[616],"product_tag":[],"class_list":{"0":"post-29953","1":"product","2":"type-product","3":"status-publish","4":"has-post-thumbnail","6":"product_cat-tucher-und-geschirrtucher","8":"first","9":"instock","10":"taxable","11":"shipping-taxable","12":"purchasable","13":"product-type-simple"},"acf":[],"_links":{"self":[{"href":"https:\/\/serviclean.be\/de\/wp-json\/wp\/v2\/product\/29953","targetHints":{"allow":["GET"]}}],"collection":[{"href":"https:\/\/serviclean.be\/de\/wp-json\/wp\/v2\/product"}],"about":[{"href":"https:\/\/serviclean.be\/de\/wp-json\/wp\/v2\/types\/product"}],"wp:featuredmedia":[{"embeddable":true,"href":"https:\/\/serviclean.be\/de\/wp-json\/wp\/v2\/media\/29954"}],"wp:attachment":[{"href":"https:\/\/serviclean.be\/de\/wp-json\/wp\/v2\/media?parent=29953"}],"wp:term":[{"taxonomy":"product_brand","embeddable":true,"href":"https:\/\/serviclean.be\/de\/wp-json\/wp\/v2\/product_brand?post=29953"},{"taxonomy":"product_cat","embeddable":true,"href":"https:\/\/serviclean.be\/de\/wp-json\/wp\/v2\/product_cat?post=29953"},{"taxonomy":"product_tag","embeddable":true,"href":"https:\/\/serviclean.be\/de\/wp-json\/wp\/v2\/product_tag?post=29953"}],"curies":[{"name":"wp","href":"https:\/\/api.w.org\/{rel}","templated":true}]}}