{"id":29947,"date":"2022-09-14T10:15:35","date_gmt":"2022-09-14T08:15:35","guid":{"rendered":"https:\/\/serviclean.be\/produit\/dreumex-eco-cleaner-oekologischer-industriereiniger\/"},"modified":"2022-09-14T10:15:35","modified_gmt":"2022-09-14T08:15:35","slug":"dreumex-eco-cleaner-oekologischer-industriereiniger","status":"publish","type":"product","link":"https:\/\/serviclean.be\/de\/produit\/dreumex-eco-cleaner-oekologischer-industriereiniger\/","title":{"rendered":"Dreumex Eco Cleaner \u2013 \u00d6kologischer Industriereiniger"},"content":{"rendered":"<p>Dreumex Eco Cleaner ist ein \u00f6kologischer Industriereiniger, der selbst hartn\u00e4ckigste Verschmutzungen auf einer Vielzahl von Oberfl\u00e4chen entfernt: W\u00e4nde, B\u00f6den, Fliesen, Maschinen, Industriek\u00fcchen usw.<br \/>\nDieser vollst\u00e4ndig biologisch abbaubare, leistungsstarke Reiniger bietet professionelle Leistung ohne Kompromisse, schont dabei die Umwelt, die Gesundheit der Anwender und die behandelten Oberfl\u00e4chen. Ideal f\u00fcr Umgebungen mit strengen Anforderungen, perfekt geeignet f\u00fcr HACCP-Konzepte. <\/p>\n<p><strong>Gebrauchsanweisung:<\/strong><\/p>\n<p>Je nach Verschmutzungsgrad verd\u00fcnnen. Mit einem Schwamm, Tuch, einer B\u00fcrste oder einem Hochdruckreiniger auftragen. Bei Bedarf einwirken lassen, dann abwischen oder mit klarem Wasser absp\u00fclen.  <\/p>\n<p>pH-Wert: 11,3 (unverd\u00fcnnt) \u2013 Nur f\u00fcr den professionellen Gebrauch<\/p>\n","protected":false},"excerpt":{"rendered":"<p>Dreumex Eco Cleaner, hochleistungsf\u00e4higer \u00f6kologischer Industriereiniger. F\u00fcr hartn\u00e4ckige Verschmutzungen auf allen Oberfl\u00e4chen. Ideal f\u00fcr HACCP, nur f\u00fcr den professionellen Gebrauch.  <\/p>\n<p><span style=\"color: #008000;\"><strong><strong>Art.-Nr.: 0007<\/strong><\/strong><\/span><\/p>\n","protected":false},"featured_media":29951,"template":"","meta":[],"product_brand":[],"product_cat":[644],"product_tag":[675],"class_list":{"0":"post-29947","1":"product","2":"type-product","3":"status-publish","4":"has-post-thumbnail","6":"product_cat-umweltzeichen-produkte","7":"product_tag-dreumex","9":"first","10":"instock","11":"taxable","12":"shipping-taxable","13":"purchasable","14":"product-type-simple"},"acf":[],"_links":{"self":[{"href":"https:\/\/serviclean.be\/de\/wp-json\/wp\/v2\/product\/29947","targetHints":{"allow":["GET"]}}],"collection":[{"href":"https:\/\/serviclean.be\/de\/wp-json\/wp\/v2\/product"}],"about":[{"href":"https:\/\/serviclean.be\/de\/wp-json\/wp\/v2\/types\/product"}],"wp:featuredmedia":[{"embeddable":true,"href":"https:\/\/serviclean.be\/de\/wp-json\/wp\/v2\/media\/29951"}],"wp:attachment":[{"href":"https:\/\/serviclean.be\/de\/wp-json\/wp\/v2\/media?parent=29947"}],"wp:term":[{"taxonomy":"product_brand","embeddable":true,"href":"https:\/\/serviclean.be\/de\/wp-json\/wp\/v2\/product_brand?post=29947"},{"taxonomy":"product_cat","embeddable":true,"href":"https:\/\/serviclean.be\/de\/wp-json\/wp\/v2\/product_cat?post=29947"},{"taxonomy":"product_tag","embeddable":true,"href":"https:\/\/serviclean.be\/de\/wp-json\/wp\/v2\/product_tag?post=29947"}],"curies":[{"name":"wp","href":"https:\/\/api.w.org\/{rel}","templated":true}]}}