{"id":29946,"date":"2022-07-06T18:32:30","date_gmt":"2022-07-06T16:32:30","guid":{"rendered":"https:\/\/serviclean.be\/produit\/polbio-enzypipe-pflege-von-kuehlschraenken-und-abfluessen-5l\/"},"modified":"2022-07-06T18:32:30","modified_gmt":"2022-07-06T16:32:30","slug":"polbio-enzypipe-pflege-von-kuehlschraenken-und-abfluessen-5l","status":"publish","type":"product","link":"https:\/\/serviclean.be\/de\/produit\/polbio-enzypipe-pflege-von-kuehlschraenken-und-abfluessen-5l\/","title":{"rendered":"PolBio Enzypipe &#8211; Pflege von K\u00fchlschr\u00e4nken und Abfl\u00fcssen &#8211; 5L"},"content":{"rendered":"<p><strong>Biotechnologische Abflusspflege<\/strong><\/p>\n<p>Beseitigt vorhandene Ablagerungen in den Abfl\u00fcssen<\/p>\n<p>Beseitigt schlechte Ger\u00fcche<\/p>\n<p>Verhindert Verstopfungen der Abfl\u00fcsse<\/p>\n","protected":false},"excerpt":{"rendered":"<p>Konzentriertes biotechnologisches Produkt f\u00fcr die Pflege von Abfl\u00fcssen, Polbio Enzypipe hilft, schlechte Ger\u00fcche zu neutralisieren und verhindert Ablagerungen in den Abfl\u00fcssen, sodass diese sauber und funktionsf\u00e4hig bleiben. Das Produkt besteht aus einem Cocktail aus Enzymen und n\u00fctzlichen Bakterien, die Fette, St\u00e4rke, Zellulose und Kondensationsgel aus K\u00fchlsystemen abbauen.<br \/>\n<span style=\"color: #008000;\"><strong>Art.-Nr.: 5483<\/strong><\/span><\/p>\n","protected":false},"featured_media":29950,"template":"","meta":[],"product_brand":[],"product_cat":[578],"product_tag":[],"class_list":{"0":"post-29946","1":"product","2":"type-product","3":"status-publish","4":"has-post-thumbnail","6":"product_cat-pflegeprodukte","8":"first","9":"instock","10":"taxable","11":"shipping-taxable","12":"purchasable","13":"product-type-simple"},"acf":[],"_links":{"self":[{"href":"https:\/\/serviclean.be\/de\/wp-json\/wp\/v2\/product\/29946","targetHints":{"allow":["GET"]}}],"collection":[{"href":"https:\/\/serviclean.be\/de\/wp-json\/wp\/v2\/product"}],"about":[{"href":"https:\/\/serviclean.be\/de\/wp-json\/wp\/v2\/types\/product"}],"wp:featuredmedia":[{"embeddable":true,"href":"https:\/\/serviclean.be\/de\/wp-json\/wp\/v2\/media\/29950"}],"wp:attachment":[{"href":"https:\/\/serviclean.be\/de\/wp-json\/wp\/v2\/media?parent=29946"}],"wp:term":[{"taxonomy":"product_brand","embeddable":true,"href":"https:\/\/serviclean.be\/de\/wp-json\/wp\/v2\/product_brand?post=29946"},{"taxonomy":"product_cat","embeddable":true,"href":"https:\/\/serviclean.be\/de\/wp-json\/wp\/v2\/product_cat?post=29946"},{"taxonomy":"product_tag","embeddable":true,"href":"https:\/\/serviclean.be\/de\/wp-json\/wp\/v2\/product_tag?post=29946"}],"curies":[{"name":"wp","href":"https:\/\/api.w.org\/{rel}","templated":true}]}}