{"id":29939,"date":"2022-07-09T16:58:03","date_gmt":"2022-07-09T14:58:03","guid":{"rendered":"https:\/\/serviclean.be\/produit\/impraegnierte-staubtuecher-rosa-karton-10x100-stk\/"},"modified":"2022-07-09T16:58:03","modified_gmt":"2022-07-09T14:58:03","slug":"impraegnierte-staubtuecher-rosa-karton-10x100-stk","status":"publish","type":"product","link":"https:\/\/serviclean.be\/de\/produit\/impraegnierte-staubtuecher-rosa-karton-10x100-stk\/","title":{"rendered":"IMPR\u00c4GNIERTE STAUBT\u00dcCHER ROSA \u2013 KARTON 10X100 STK."},"content":{"rendered":"<ul>\n<li>Impr\u00e4gniertes Staubtuch zur Bodenreinigung<\/li>\n<li>Zur Verwendung mit dem Vileda Dust Mop Frame. Einwegtuch zur Reinigung von Hartb\u00f6den<\/li>\n<li>Vorimpr\u00e4gnierte Oberfl\u00e4che f\u00fcr optimale Schmutzaufnahme<\/li>\n<li>Einfach, schnell und hohe Staubr\u00fcckhaltekapazit\u00e4t<\/li>\n<\/ul>\n","protected":false},"excerpt":{"rendered":"<p>Vlies-Einwegt\u00fccher. Impr\u00e4gniert mit einem raffinierten, geruchlosen \u00d6l, das Staub anzieht und bindet. <\/p>\n<p><span style=\"color: #339966;\"><strong>A<\/strong><\/span><span style=\"color: #339966;\"><strong>RT: 3030<\/strong><\/span><\/p>\n","protected":false},"featured_media":26972,"template":"","meta":[],"product_brand":[],"product_cat":[600],"product_tag":[],"class_list":{"0":"post-29939","1":"product","2":"type-product","3":"status-publish","4":"has-post-thumbnail","6":"product_cat-kehren-entstauben","8":"first","9":"instock","10":"taxable","11":"shipping-taxable","12":"purchasable","13":"product-type-simple"},"acf":[],"_links":{"self":[{"href":"https:\/\/serviclean.be\/de\/wp-json\/wp\/v2\/product\/29939","targetHints":{"allow":["GET"]}}],"collection":[{"href":"https:\/\/serviclean.be\/de\/wp-json\/wp\/v2\/product"}],"about":[{"href":"https:\/\/serviclean.be\/de\/wp-json\/wp\/v2\/types\/product"}],"wp:featuredmedia":[{"embeddable":true,"href":"https:\/\/serviclean.be\/de\/wp-json\/wp\/v2\/media\/26972"}],"wp:attachment":[{"href":"https:\/\/serviclean.be\/de\/wp-json\/wp\/v2\/media?parent=29939"}],"wp:term":[{"taxonomy":"product_brand","embeddable":true,"href":"https:\/\/serviclean.be\/de\/wp-json\/wp\/v2\/product_brand?post=29939"},{"taxonomy":"product_cat","embeddable":true,"href":"https:\/\/serviclean.be\/de\/wp-json\/wp\/v2\/product_cat?post=29939"},{"taxonomy":"product_tag","embeddable":true,"href":"https:\/\/serviclean.be\/de\/wp-json\/wp\/v2\/product_tag?post=29939"}],"curies":[{"name":"wp","href":"https:\/\/api.w.org\/{rel}","templated":true}]}}