{"id":29933,"date":"2022-09-18T16:20:46","date_gmt":"2022-09-18T14:20:46","guid":{"rendered":"https:\/\/serviclean.be\/produit\/hdpe-muellsack-60-x-60-cm-schwarz-t15\/"},"modified":"2022-09-18T16:20:46","modified_gmt":"2022-09-18T14:20:46","slug":"hdpe-muellsack-60-x-60-cm-schwarz-t15","status":"publish","type":"product","link":"https:\/\/serviclean.be\/de\/produit\/hdpe-muellsack-60-x-60-cm-schwarz-t15\/","title":{"rendered":"HDPE-M\u00fcllsack 60 x 60 cm \u2013 Schwarz T15"},"content":{"rendered":"<p data-rm-block-id=\"block-1\">Der HDPE-M\u00fcllsack in den Ma\u00dfen 60 x 60 cm und mit einer St\u00e4rke von 15 \u00b5 wird im Karton mit 20 Packungen angeboten, die jeweils 50 S\u00e4cke enthalten. Dieses Produkt ist ideal f\u00fcr eine praktische und effiziente Nutzung in verschiedenen Umgebungen und gew\u00e4hrleistet optimale Widerstandsf\u00e4higkeit bei der Abfallentsorgung. <\/p>\n<p data-rm-block-id=\"block-2\">Eigenschaften:<\/p>\n<ul>\n<li data-rm-block-id=\"block-3\">Farbe: Schwarz<\/li>\n<li data-rm-block-id=\"block-4\">Ma\u00dfe: 60 x 60 cm<\/li>\n<li data-rm-block-id=\"block-5\">Fassungsverm\u00f6gen: \u00b1 30 l<\/li>\n<li data-rm-block-id=\"block-6\">Material: LDPE-Kunststoff Typ 15<\/li>\n<li data-rm-block-id=\"block-7\">Verpackung: Karton mit 1.000 S\u00e4cken (20 Rollen \u00e0 50 S\u00e4cke)<\/li>\n<\/ul>\n","protected":false},"excerpt":{"rendered":"<p>Entdecken Sie unseren HDPE-M\u00fcllsack in den Ma\u00dfen 60 x 60 cm, entwickelt f\u00fcr Ihre Anforderungen in der Abfallentsorgung. Mit einer St\u00e4rke von 15 \u00b5 bietet dieser Sack optimale Widerstandsf\u00e4higkeit und schont zugleich die Umwelt. Jeder Karton enth\u00e4lt 20 Packungen mit je 50 S\u00e4cken und sorgt so f\u00fcr ausreichenden Vorrat f\u00fcr Ihre Bereiche. Entscheiden Sie sich f\u00fcr HDPE-S\u00e4cke \u2013 eine praktische und langlebige L\u00f6sung.   <\/p>\n<p><span style=\"color: #008000;\"><strong>Ref.: 7944<\/strong><\/span><\/p>\n","protected":false},"featured_media":29934,"template":"","meta":[],"product_brand":[],"product_cat":[652],"product_tag":[],"class_list":{"0":"post-29933","1":"product","2":"type-product","3":"status-publish","4":"has-post-thumbnail","6":"product_cat-mullsacke","8":"first","9":"instock","10":"taxable","11":"shipping-taxable","12":"purchasable","13":"product-type-variable"},"acf":[],"_links":{"self":[{"href":"https:\/\/serviclean.be\/de\/wp-json\/wp\/v2\/product\/29933","targetHints":{"allow":["GET"]}}],"collection":[{"href":"https:\/\/serviclean.be\/de\/wp-json\/wp\/v2\/product"}],"about":[{"href":"https:\/\/serviclean.be\/de\/wp-json\/wp\/v2\/types\/product"}],"wp:featuredmedia":[{"embeddable":true,"href":"https:\/\/serviclean.be\/de\/wp-json\/wp\/v2\/media\/29934"}],"wp:attachment":[{"href":"https:\/\/serviclean.be\/de\/wp-json\/wp\/v2\/media?parent=29933"}],"wp:term":[{"taxonomy":"product_brand","embeddable":true,"href":"https:\/\/serviclean.be\/de\/wp-json\/wp\/v2\/product_brand?post=29933"},{"taxonomy":"product_cat","embeddable":true,"href":"https:\/\/serviclean.be\/de\/wp-json\/wp\/v2\/product_cat?post=29933"},{"taxonomy":"product_tag","embeddable":true,"href":"https:\/\/serviclean.be\/de\/wp-json\/wp\/v2\/product_tag?post=29933"}],"curies":[{"name":"wp","href":"https:\/\/api.w.org\/{rel}","templated":true}]}}