{"id":29930,"date":"2022-10-27T23:33:24","date_gmt":"2022-10-27T21:33:24","guid":{"rendered":"https:\/\/serviclean.be\/produit\/werkzeugtasche-side-kit-moerman\/"},"modified":"2026-05-03T22:56:33","modified_gmt":"2026-05-03T20:56:33","slug":"werkzeugtasche-side-kit-moerman","status":"publish","type":"product","link":"https:\/\/serviclean.be\/de\/produit\/werkzeugtasche-side-kit-moerman\/","title":{"rendered":"Werkzeugtasche Side-Kit Moerman"},"content":{"rendered":"<h2>Eigenschaften:<\/h2>\n<ul>\n<li class=\"bullet-checkmark\">Perfekte Passform f\u00fcr einen Schaber<\/li>\n<li class=\"bullet-checkmark\">Wasserabweisender vertikaler Trenner<\/li>\n<li class=\"bullet-checkmark\">H\u00e4lt nasse und trockene T\u00fccher perfekt getrennt<\/li>\n<li class=\"bullet-checkmark\">Vertikaler Trenner f\u00fcr die F\u00e4cher sorgt f\u00fcr schnellen Zugriff auf Ihre Utensilien, die Tasche bleibt immer offen<\/li>\n<li class=\"bullet-checkmark\">Zus\u00e4tzlicher Flaschen-\/Reinigungsmittelhalter im inneren Hauptfach<\/li>\n<li class=\"bullet-checkmark\">Optimierte wasserabweisende (nicht wasserdichte) Rei\u00dfverschlusstasche f\u00fcr Smartphone\/Schl\u00fcssel<\/li>\n<li class=\"bullet-checkmark\">Flaschenhalter mit abgesenktem Eingang f\u00fcr schnellen Zugriff<\/li>\n<li class=\"bullet-checkmark\">Leicht zu bedienende Rei\u00dfverschl\u00fcsse unterwegs<\/li>\n<li class=\"bullet-checkmark\">Verst\u00e4rkte Rei\u00dfverschlussn\u00e4hte<\/li>\n<li class=\"bullet-checkmark\">Magnetverschlusssystem<\/li>\n<\/ul>\n","protected":false},"excerpt":{"rendered":"<p>Die Side-Kit Tasche von Moerman ist die beste M\u00f6glichkeit, Ihre Werkzeuge am G\u00fcrtel zu halten.<br \/>\n<span style=\"color: #008000;\"><strong>Ref: 5727<\/strong><\/span><\/p>\n","protected":false},"featured_media":29940,"template":"","meta":[],"product_brand":[],"product_cat":[576],"product_tag":[608],"class_list":{"0":"post-29930","1":"product","2":"type-product","3":"status-publish","4":"has-post-thumbnail","6":"product_cat-fensterreinigungszubehor","7":"product_tag-moerman","9":"first","10":"instock","11":"taxable","12":"shipping-taxable","13":"purchasable","14":"product-type-simple"},"acf":[],"_links":{"self":[{"href":"https:\/\/serviclean.be\/de\/wp-json\/wp\/v2\/product\/29930","targetHints":{"allow":["GET"]}}],"collection":[{"href":"https:\/\/serviclean.be\/de\/wp-json\/wp\/v2\/product"}],"about":[{"href":"https:\/\/serviclean.be\/de\/wp-json\/wp\/v2\/types\/product"}],"wp:featuredmedia":[{"embeddable":true,"href":"https:\/\/serviclean.be\/de\/wp-json\/wp\/v2\/media\/29940"}],"wp:attachment":[{"href":"https:\/\/serviclean.be\/de\/wp-json\/wp\/v2\/media?parent=29930"}],"wp:term":[{"taxonomy":"product_brand","embeddable":true,"href":"https:\/\/serviclean.be\/de\/wp-json\/wp\/v2\/product_brand?post=29930"},{"taxonomy":"product_cat","embeddable":true,"href":"https:\/\/serviclean.be\/de\/wp-json\/wp\/v2\/product_cat?post=29930"},{"taxonomy":"product_tag","embeddable":true,"href":"https:\/\/serviclean.be\/de\/wp-json\/wp\/v2\/product_tag?post=29930"}],"curies":[{"name":"wp","href":"https:\/\/api.w.org\/{rel}","templated":true}]}}