{"id":29920,"date":"2022-10-27T01:47:36","date_gmt":"2022-10-26T23:47:36","guid":{"rendered":"https:\/\/serviclean.be\/produit\/moerman-werkzeugtasche\/"},"modified":"2022-10-27T01:47:36","modified_gmt":"2022-10-26T23:47:36","slug":"moerman-werkzeugtasche","status":"publish","type":"product","link":"https:\/\/serviclean.be\/de\/produit\/moerman-werkzeugtasche\/","title":{"rendered":"Moerman Werkzeugtasche"},"content":{"rendered":"<h2>Eigenschaften:<\/h2>\n<ul>\n<li class=\"bullet-checkmark\">Robusterer Look<\/li>\n<li class=\"bullet-checkmark\">Gebogene R\u00fcckseite<\/li>\n<li class=\"bullet-checkmark\">Feste Schnalle mit Steckschnalle<\/li>\n<li class=\"bullet-checkmark\">Wasserablaufsystem<\/li>\n<li class=\"bullet-checkmark\">Leichterer Zugang f\u00fcr Liquidator\/F*LIQ-Clips<\/li>\n<li class=\"bullet-checkmark\">Taschenhalter f\u00fcr Schaber<\/li>\n<li class=\"bullet-checkmark\">F\u00fcr Links- und Rechtsh\u00e4nder-Fensterputzer<\/li>\n<li class=\"bullet-checkmark\">Sichere Aufbewahrung des Materials<\/li>\n<\/ul>\n","protected":false},"excerpt":{"rendered":"<p>Ich habe mehrere F\u00e4cher, um Ihre gesamte Ausr\u00fcstung aufzunehmen und Sie bei Ihren Eins\u00e4tzen komfortabel zu halten. Ich habe dem Designteam viel Kreativit\u00e4t abverlangt, um mit einem robusteren Look einen beeindruckenden Eindruck zu machen und einen ger\u00e4umigen Innenraum f\u00fcr die Aufbewahrung verschiedener Kombinationen von Moerman-Werkzeugen zu schaffen.<br \/>\n<strong><span style=\"color: #008000;\">Art.-Nr.: 5730<\/span><\/strong><\/p>\n","protected":false},"featured_media":29927,"template":"","meta":[],"product_brand":[],"product_cat":[576],"product_tag":[608],"class_list":{"0":"post-29920","1":"product","2":"type-product","3":"status-publish","4":"has-post-thumbnail","6":"product_cat-fensterreinigungszubehor","7":"product_tag-moerman","9":"first","10":"instock","11":"taxable","12":"shipping-taxable","13":"purchasable","14":"product-type-simple"},"acf":[],"_links":{"self":[{"href":"https:\/\/serviclean.be\/de\/wp-json\/wp\/v2\/product\/29920","targetHints":{"allow":["GET"]}}],"collection":[{"href":"https:\/\/serviclean.be\/de\/wp-json\/wp\/v2\/product"}],"about":[{"href":"https:\/\/serviclean.be\/de\/wp-json\/wp\/v2\/types\/product"}],"wp:featuredmedia":[{"embeddable":true,"href":"https:\/\/serviclean.be\/de\/wp-json\/wp\/v2\/media\/29927"}],"wp:attachment":[{"href":"https:\/\/serviclean.be\/de\/wp-json\/wp\/v2\/media?parent=29920"}],"wp:term":[{"taxonomy":"product_brand","embeddable":true,"href":"https:\/\/serviclean.be\/de\/wp-json\/wp\/v2\/product_brand?post=29920"},{"taxonomy":"product_cat","embeddable":true,"href":"https:\/\/serviclean.be\/de\/wp-json\/wp\/v2\/product_cat?post=29920"},{"taxonomy":"product_tag","embeddable":true,"href":"https:\/\/serviclean.be\/de\/wp-json\/wp\/v2\/product_tag?post=29920"}],"curies":[{"name":"wp","href":"https:\/\/api.w.org\/{rel}","templated":true}]}}