{"id":29901,"date":"2022-10-28T00:23:40","date_gmt":"2022-10-27T22:23:40","guid":{"rendered":"https:\/\/serviclean.be\/produit\/einschneidige-schaberklingen-4-cm-10-cm\/"},"modified":"2022-10-28T00:23:40","modified_gmt":"2022-10-27T22:23:40","slug":"einschneidige-schaberklingen-4-cm-10-cm","status":"publish","type":"product","link":"https:\/\/serviclean.be\/de\/produit\/einschneidige-schaberklingen-4-cm-10-cm\/","title":{"rendered":"Einschneidige Schaberklingen \u2013 4 cm \/ 10 cm"},"content":{"rendered":"<p>Die einschneidigen Schaberklingen sind f\u00fcr Taschenschaber oder Standardschaber konzipiert.<\/p>\n<p>Erh\u00e4ltlich in 4 cm (1,5\u201d) und 10 cm (4\u201d), sind sie in langlebigen Kunststoffboxen oder praktischen Spendern verpackt \u2013 f\u00fcr eine sichere Anwendung und optimale Aufbewahrung.<\/p>\n<p>Perfekt f\u00fcr Reinigungsprofis: Sie erm\u00f6glichen ein effizientes, pr\u00e4zises Schaben von Glas, B\u00f6den sowie laminierten oder metallischen Oberfl\u00e4chen und entfernen m\u00fchelos Klebstoffe, Farbreste, hartn\u00e4ckigen Schmutz oder fest sitzende Ablagerungen.<\/p>\n<p><strong>Technische Daten:<\/strong><\/p>\n<ul>\n<li>Produkt: Einschneidige Schaberklingen<\/li>\n<li>Kompatibilit\u00e4t: Standardschaber und Taschenschaber<\/li>\n<\/ul>\n<p><strong>Verf\u00fcgbare Abmessungen:<\/strong><\/p>\n<ul>\n<li>4 cm (1,5\u201d) \u2013 Kunststoffetui mit 15 Stk.<\/li>\n<li>10 cm (4\u201d) \u2013 langlebige Kunststoffbox<\/li>\n<\/ul>\n<p><strong>Eigenschaften:<\/strong><\/p>\n<ul>\n<li>Einschneidige Klinge<\/li>\n<li>Sichere Verpackung<\/li>\n<li>Robuste, pr\u00e4zise Klingen<\/li>\n<\/ul>\n<p><strong>Anwendungsbereiche:<\/strong><\/p>\n<ul>\n<li>Professionelle Glasreinigung<\/li>\n<li>B\u00f6den, K\u00fcchen<\/li>\n<li>Baustellen<\/li>\n<\/ul>\n<p><strong>Gebrauchsanweisung:<\/strong><\/p>\n<ul>\n<li>Klinge in einen kompatiblen Schaber (Tasche oder Standard) einsetzen.<\/li>\n<li>Die zu reinigende Oberfl\u00e4che bei flachem Winkel abschaben.<\/li>\n<li>Die gebrauchte Klinge immer wieder in die Sicherheitsbox zur\u00fccklegen.<\/li>\n<\/ul>\n","protected":false},"excerpt":{"rendered":"<p>Einschneidige Schaberklingen. 4 cm (Etui 15 Stk.) oder 10 cm (Kunststoffbox). Kompatibel mit Standard-\/Taschenschabern. Wirksam gegen R\u00fcckst\u00e4nde und Klebstoffe.   <\/p>\n<p><span style=\"color: #008000;\"><strong>Ref.: 5739<\/strong><\/span><\/p>\n","protected":false},"featured_media":29902,"template":"","meta":[],"product_brand":[],"product_cat":[576],"product_tag":[608],"class_list":{"0":"post-29901","1":"product","2":"type-product","3":"status-publish","4":"has-post-thumbnail","6":"product_cat-fensterreinigungszubehor","7":"product_tag-moerman","9":"first","10":"instock","11":"taxable","12":"shipping-taxable","13":"purchasable","14":"product-type-simple"},"acf":[],"_links":{"self":[{"href":"https:\/\/serviclean.be\/de\/wp-json\/wp\/v2\/product\/29901","targetHints":{"allow":["GET"]}}],"collection":[{"href":"https:\/\/serviclean.be\/de\/wp-json\/wp\/v2\/product"}],"about":[{"href":"https:\/\/serviclean.be\/de\/wp-json\/wp\/v2\/types\/product"}],"wp:featuredmedia":[{"embeddable":true,"href":"https:\/\/serviclean.be\/de\/wp-json\/wp\/v2\/media\/29902"}],"wp:attachment":[{"href":"https:\/\/serviclean.be\/de\/wp-json\/wp\/v2\/media?parent=29901"}],"wp:term":[{"taxonomy":"product_brand","embeddable":true,"href":"https:\/\/serviclean.be\/de\/wp-json\/wp\/v2\/product_brand?post=29901"},{"taxonomy":"product_cat","embeddable":true,"href":"https:\/\/serviclean.be\/de\/wp-json\/wp\/v2\/product_cat?post=29901"},{"taxonomy":"product_tag","embeddable":true,"href":"https:\/\/serviclean.be\/de\/wp-json\/wp\/v2\/product_tag?post=29901"}],"curies":[{"name":"wp","href":"https:\/\/api.w.org\/{rel}","templated":true}]}}