{"id":29880,"date":"2022-11-20T14:55:01","date_gmt":"2022-11-20T13:55:01","guid":{"rendered":"https:\/\/serviclean.be\/produit\/holzloeffel-16-cm-100-stueck\/"},"modified":"2022-11-20T14:55:01","modified_gmt":"2022-11-20T13:55:01","slug":"holzloeffel-16-cm-100-stueck","status":"publish","type":"product","link":"https:\/\/serviclean.be\/de\/produit\/holzloeffel-16-cm-100-stueck\/","title":{"rendered":"Holzl\u00f6ffel 16 cm 100 St\u00fcck"},"content":{"rendered":"<p>L\u00e4nge: 16 cm<br \/>\nProdukttyp Horeca: Besteck<br \/>\nBesteckmaterial: Holz<br \/>\nRecycelbar: Ja<br \/>\nMindesttemperatur: -5 Grad<br \/>\nMaximaltemperatur: 70 Grad<br \/>\nFSC: Nein<\/p>\n","protected":false},"excerpt":{"rendered":"<p>\u00d6kologischer und biologisch abbaubarer Holzl\u00f6ffel 16 cm.<br \/>\n<strong>Ref.: 0667<\/strong><\/p>\n","protected":false},"featured_media":29884,"template":"","meta":[],"product_brand":[],"product_cat":[625],"product_tag":[],"class_list":{"0":"post-29880","1":"product","2":"type-product","3":"status-publish","4":"has-post-thumbnail","6":"product_cat-besteck","8":"first","9":"instock","10":"taxable","11":"shipping-taxable","12":"purchasable","13":"product-type-simple"},"acf":[],"_links":{"self":[{"href":"https:\/\/serviclean.be\/de\/wp-json\/wp\/v2\/product\/29880","targetHints":{"allow":["GET"]}}],"collection":[{"href":"https:\/\/serviclean.be\/de\/wp-json\/wp\/v2\/product"}],"about":[{"href":"https:\/\/serviclean.be\/de\/wp-json\/wp\/v2\/types\/product"}],"wp:featuredmedia":[{"embeddable":true,"href":"https:\/\/serviclean.be\/de\/wp-json\/wp\/v2\/media\/29884"}],"wp:attachment":[{"href":"https:\/\/serviclean.be\/de\/wp-json\/wp\/v2\/media?parent=29880"}],"wp:term":[{"taxonomy":"product_brand","embeddable":true,"href":"https:\/\/serviclean.be\/de\/wp-json\/wp\/v2\/product_brand?post=29880"},{"taxonomy":"product_cat","embeddable":true,"href":"https:\/\/serviclean.be\/de\/wp-json\/wp\/v2\/product_cat?post=29880"},{"taxonomy":"product_tag","embeddable":true,"href":"https:\/\/serviclean.be\/de\/wp-json\/wp\/v2\/product_tag?post=29880"}],"curies":[{"name":"wp","href":"https:\/\/api.w.org\/{rel}","templated":true}]}}