{"id":29865,"date":"2022-11-20T14:16:07","date_gmt":"2022-11-20T13:16:07","guid":{"rendered":"https:\/\/serviclean.be\/produit\/spitzendeckchen-o-19-cm-250-stueck\/"},"modified":"2022-11-20T14:16:07","modified_gmt":"2022-11-20T13:16:07","slug":"spitzendeckchen-o-19-cm-250-stueck","status":"publish","type":"product","link":"https:\/\/serviclean.be\/de\/produit\/spitzendeckchen-o-19-cm-250-stueck\/","title":{"rendered":"Spitzendeckchen \u00d8 19 cm 250 St\u00fcck"},"content":{"rendered":"<p>Produkttyp Geb\u00e4ck: Kantjes<br \/>\nFarbe Geb\u00e4ck: Wei\u00df<br \/>\nRecycelt: Nein<br \/>\nMaterial Geb\u00e4ck: Papier<br \/>\nForm Geb\u00e4ck: Rund<br \/>\nFSC: Nein<\/p>\n","protected":false},"excerpt":{"rendered":"<p>Ovale, runde oder rechteckige Spitzendeckchen zum Pr\u00e4sentieren Ihrer Snacks, Torten, &#8230;<br \/>\n<span style=\"color: #008000;\"><strong>Art.-Nr.: 7394<\/strong><\/span><\/p>\n","protected":false},"featured_media":29876,"template":"","meta":[],"product_brand":[],"product_cat":[601],"product_tag":[],"class_list":{"0":"post-29865","1":"product","2":"type-product","3":"status-publish","4":"has-post-thumbnail","6":"product_cat-tischservietten","8":"first","9":"instock","10":"taxable","11":"shipping-taxable","12":"purchasable","13":"product-type-simple"},"acf":[],"_links":{"self":[{"href":"https:\/\/serviclean.be\/de\/wp-json\/wp\/v2\/product\/29865","targetHints":{"allow":["GET"]}}],"collection":[{"href":"https:\/\/serviclean.be\/de\/wp-json\/wp\/v2\/product"}],"about":[{"href":"https:\/\/serviclean.be\/de\/wp-json\/wp\/v2\/types\/product"}],"wp:featuredmedia":[{"embeddable":true,"href":"https:\/\/serviclean.be\/de\/wp-json\/wp\/v2\/media\/29876"}],"wp:attachment":[{"href":"https:\/\/serviclean.be\/de\/wp-json\/wp\/v2\/media?parent=29865"}],"wp:term":[{"taxonomy":"product_brand","embeddable":true,"href":"https:\/\/serviclean.be\/de\/wp-json\/wp\/v2\/product_brand?post=29865"},{"taxonomy":"product_cat","embeddable":true,"href":"https:\/\/serviclean.be\/de\/wp-json\/wp\/v2\/product_cat?post=29865"},{"taxonomy":"product_tag","embeddable":true,"href":"https:\/\/serviclean.be\/de\/wp-json\/wp\/v2\/product_tag?post=29865"}],"curies":[{"name":"wp","href":"https:\/\/api.w.org\/{rel}","templated":true}]}}