{"id":29862,"date":"2022-11-20T14:33:57","date_gmt":"2022-11-20T13:33:57","guid":{"rendered":"https:\/\/serviclean.be\/produit\/labelfresh-gefrieretikett-7-x-45-cm-150-stueck\/"},"modified":"2022-11-20T14:33:57","modified_gmt":"2022-11-20T13:33:57","slug":"labelfresh-gefrieretikett-7-x-45-cm-150-stueck","status":"publish","type":"product","link":"https:\/\/serviclean.be\/de\/produit\/labelfresh-gefrieretikett-7-x-45-cm-150-stueck\/","title":{"rendered":"LabelFresh Gefrieretikett 7 x 4,5 cm 150 St\u00fcck"},"content":{"rendered":"","protected":false},"excerpt":{"rendered":"<p>Neben dem Produktionsdatum m\u00fcssen Ihre im Gefrierschrank gelagerten verarbeiteten Produkte auch das Haltbarkeitsdatum tragen. LabelFresh Tiefk\u00fchl wurde f\u00fcr den Einsatz bei niedrigen Temperaturen entwickelt.<br \/>\n<span style=\"color: #008000;\"><strong>Ref.: 1642<\/strong><\/span><\/p>\n","protected":false},"featured_media":29864,"template":"","meta":[],"product_brand":[],"product_cat":[717],"product_tag":[],"class_list":{"0":"post-29862","1":"product","2":"type-product","3":"status-publish","4":"has-post-thumbnail","6":"product_cat-kassenrollen","8":"first","9":"instock","10":"taxable","11":"shipping-taxable","12":"purchasable","13":"product-type-simple"},"acf":[],"_links":{"self":[{"href":"https:\/\/serviclean.be\/de\/wp-json\/wp\/v2\/product\/29862","targetHints":{"allow":["GET"]}}],"collection":[{"href":"https:\/\/serviclean.be\/de\/wp-json\/wp\/v2\/product"}],"about":[{"href":"https:\/\/serviclean.be\/de\/wp-json\/wp\/v2\/types\/product"}],"wp:featuredmedia":[{"embeddable":true,"href":"https:\/\/serviclean.be\/de\/wp-json\/wp\/v2\/media\/29864"}],"wp:attachment":[{"href":"https:\/\/serviclean.be\/de\/wp-json\/wp\/v2\/media?parent=29862"}],"wp:term":[{"taxonomy":"product_brand","embeddable":true,"href":"https:\/\/serviclean.be\/de\/wp-json\/wp\/v2\/product_brand?post=29862"},{"taxonomy":"product_cat","embeddable":true,"href":"https:\/\/serviclean.be\/de\/wp-json\/wp\/v2\/product_cat?post=29862"},{"taxonomy":"product_tag","embeddable":true,"href":"https:\/\/serviclean.be\/de\/wp-json\/wp\/v2\/product_tag?post=29862"}],"curies":[{"name":"wp","href":"https:\/\/api.w.org\/{rel}","templated":true}]}}