{"id":29858,"date":"2022-12-02T16:03:51","date_gmt":"2022-12-02T15:03:51","guid":{"rendered":"https:\/\/serviclean.be\/produit\/portionsbecher-deckel-transparent-o-5-cm-fuer-becher-30-ml-1-000-stueck\/"},"modified":"2022-12-02T16:03:51","modified_gmt":"2022-12-02T15:03:51","slug":"portionsbecher-deckel-transparent-o-5-cm-fuer-becher-30-ml-1-000-stueck","status":"publish","type":"product","link":"https:\/\/serviclean.be\/de\/produit\/portionsbecher-deckel-transparent-o-5-cm-fuer-becher-30-ml-1-000-stueck\/","title":{"rendered":"Portionsbecher-Deckel Transparent \u00d8 5 cm f\u00fcr Becher 30 ml 1.000 St\u00fcck"},"content":{"rendered":"<p>Farbe: Transparent<br \/>\nInhalt: 30 ml<br \/>\nBecher-Typ: Saucenbecher<br \/>\nKombipack-Verschluss: Nein<br \/>\nNutzinhalt: 30<br \/>\nHoreca-Produkttyp: Becher<br \/>\nOfenfest: Nein<br \/>\nVerpackungs- und Aufbewahrungsmaterial: PP<br \/>\nMikrowellengeeignet: Ja<br \/>\nDeckelmaterial: Polypropylen (PP)<br \/>\nFSC: Nein<\/p>\n","protected":false},"excerpt":{"rendered":"<p>Farbe: Transparent Inhalt: 30 ml Becher-Typ: Saucenbecher Kombipack-Verschluss: Nein Nutzinhalt: 30 Horeca-Produkttyp: Becher Ofenfest: Nein Verpackungs- und Aufbewahrungsmaterial: PP Mikrowellengeeignet: Ja Deckelmaterial: Polypropylen (PP) FSC: Nein<\/p>\n","protected":false},"featured_media":29859,"template":"","meta":[],"product_brand":[],"product_cat":[624],"product_tag":[],"class_list":{"0":"post-29858","1":"product","2":"type-product","3":"status-publish","4":"has-post-thumbnail","6":"product_cat-catering","8":"first","9":"instock","10":"taxable","11":"shipping-taxable","12":"purchasable","13":"product-type-simple"},"acf":[],"_links":{"self":[{"href":"https:\/\/serviclean.be\/de\/wp-json\/wp\/v2\/product\/29858","targetHints":{"allow":["GET"]}}],"collection":[{"href":"https:\/\/serviclean.be\/de\/wp-json\/wp\/v2\/product"}],"about":[{"href":"https:\/\/serviclean.be\/de\/wp-json\/wp\/v2\/types\/product"}],"wp:featuredmedia":[{"embeddable":true,"href":"https:\/\/serviclean.be\/de\/wp-json\/wp\/v2\/media\/29859"}],"wp:attachment":[{"href":"https:\/\/serviclean.be\/de\/wp-json\/wp\/v2\/media?parent=29858"}],"wp:term":[{"taxonomy":"product_brand","embeddable":true,"href":"https:\/\/serviclean.be\/de\/wp-json\/wp\/v2\/product_brand?post=29858"},{"taxonomy":"product_cat","embeddable":true,"href":"https:\/\/serviclean.be\/de\/wp-json\/wp\/v2\/product_cat?post=29858"},{"taxonomy":"product_tag","embeddable":true,"href":"https:\/\/serviclean.be\/de\/wp-json\/wp\/v2\/product_tag?post=29858"}],"curies":[{"name":"wp","href":"https:\/\/api.w.org\/{rel}","templated":true}]}}