{"id":29839,"date":"2022-11-19T12:20:31","date_gmt":"2022-11-19T11:20:31","guid":{"rendered":"https:\/\/serviclean.be\/produit\/spaas-teelichter-weiss-h-16-cm-o-39-cm-6-h-120-stueck\/"},"modified":"2022-11-19T12:20:31","modified_gmt":"2022-11-19T11:20:31","slug":"spaas-teelichter-weiss-h-16-cm-o-39-cm-6-h-120-stueck","status":"publish","type":"product","link":"https:\/\/serviclean.be\/de\/produit\/spaas-teelichter-weiss-h-16-cm-o-39-cm-6-h-120-stueck\/","title":{"rendered":"Spaas Teelichter Wei\u00df H 1,6 cm \u00d8 3,9 cm 6 h 120 St\u00fcck"},"content":{"rendered":"<p>Die Teelichter von Spaas sind ideal, um den Innenraum in Behaglichkeit zu tauchen.<br \/>\nDank ihrer Schlichtheit schaffen diese Kerzen in jedem Raum eine warme Atmosph\u00e4re.<br \/>\nKombinieren Sie mehrere Teelichter auf einer gr\u00f6\u00dferen Fl\u00e4che, um den Raum stimmungsvoll zu beleuchten.<br \/>\nStellen Sie sie in ein farbiges Windlicht, um Ihre Festtafel zum Strahlen zu bringen.<br \/>\nBrenndauer: \u00b1 6 Stunden<\/p>\n","protected":false},"excerpt":{"rendered":"<p>Beleuchten Sie Ihre sch\u00f6nsten Momente mit Spaas. Hochwertige Kerzen, die sich perfekt in Ihr Interieur einf\u00fcgen. <\/p>\n","protected":false},"featured_media":29843,"template":"","meta":[],"product_brand":[],"product_cat":[624],"product_tag":[],"class_list":{"0":"post-29839","1":"product","2":"type-product","3":"status-publish","4":"has-post-thumbnail","6":"product_cat-catering","8":"first","9":"instock","10":"taxable","11":"shipping-taxable","12":"purchasable","13":"product-type-simple"},"acf":[],"_links":{"self":[{"href":"https:\/\/serviclean.be\/de\/wp-json\/wp\/v2\/product\/29839","targetHints":{"allow":["GET"]}}],"collection":[{"href":"https:\/\/serviclean.be\/de\/wp-json\/wp\/v2\/product"}],"about":[{"href":"https:\/\/serviclean.be\/de\/wp-json\/wp\/v2\/types\/product"}],"wp:featuredmedia":[{"embeddable":true,"href":"https:\/\/serviclean.be\/de\/wp-json\/wp\/v2\/media\/29843"}],"wp:attachment":[{"href":"https:\/\/serviclean.be\/de\/wp-json\/wp\/v2\/media?parent=29839"}],"wp:term":[{"taxonomy":"product_brand","embeddable":true,"href":"https:\/\/serviclean.be\/de\/wp-json\/wp\/v2\/product_brand?post=29839"},{"taxonomy":"product_cat","embeddable":true,"href":"https:\/\/serviclean.be\/de\/wp-json\/wp\/v2\/product_cat?post=29839"},{"taxonomy":"product_tag","embeddable":true,"href":"https:\/\/serviclean.be\/de\/wp-json\/wp\/v2\/product_tag?post=29839"}],"curies":[{"name":"wp","href":"https:\/\/api.w.org\/{rel}","templated":true}]}}