{"id":29822,"date":"2022-11-19T11:42:34","date_gmt":"2022-11-19T10:42:34","guid":{"rendered":"https:\/\/serviclean.be\/produit\/thermorolle-fuer-kassen-80x80x12-mm\/"},"modified":"2022-11-19T11:42:34","modified_gmt":"2022-11-19T10:42:34","slug":"thermorolle-fuer-kassen-80x80x12-mm","status":"publish","type":"product","link":"https:\/\/serviclean.be\/de\/produit\/thermorolle-fuer-kassen-80x80x12-mm\/","title":{"rendered":"Thermorolle f\u00fcr Kassen 80x80x12 mm"},"content":{"rendered":"<p data-start=\"255\" data-end=\"404\">Thermorolle 80x80x12 mm f\u00fcr Registrierkassen und Kartenterminals. Sauberer Druck ohne Tinte, gleichm\u00e4\u00dfiger Ablauf. Ideal f\u00fcr Gastronomie, Einzelhandel und Gesch\u00e4fte.  <\/p>\n<p data-start=\"929\" data-end=\"947\">Variables Produkt:<\/p>\n<ul data-start=\"948\" data-end=\"1028\">\n<li data-section-id=\"1hmvxz8\" data-start=\"948\" data-end=\"987\">Variante 1 \u2192 <strong data-start=\"963\" data-end=\"987\">Packung mit 5 Rollen<\/strong><\/li>\n<li data-section-id=\"1nlg3a\" data-start=\"988\" data-end=\"1028\">Variante 2 \u2192 <strong data-start=\"1003\" data-end=\"1028\">Karton mit 50 Rollen<\/strong><\/li>\n<\/ul>\n","protected":false},"excerpt":{"rendered":"<p>Rolle f\u00fcr Bankkarten-Belege, passend f\u00fcr alle Marken von Thermozahlungsterminals. Mit FSC- und Exacompta-Logos auf der R\u00fcckseite bedruckt. <\/p>\n<p><span style=\"color: #008000;\"><strong>Ref: 6446, 4643<\/strong><\/span><\/p>\n","protected":false},"featured_media":29829,"template":"","meta":[],"product_brand":[],"product_cat":[717],"product_tag":[],"class_list":{"0":"post-29822","1":"product","2":"type-product","3":"status-publish","4":"has-post-thumbnail","6":"product_cat-kassenrollen","8":"first","9":"instock","10":"taxable","11":"shipping-taxable","12":"purchasable","13":"product-type-variable"},"acf":[],"_links":{"self":[{"href":"https:\/\/serviclean.be\/de\/wp-json\/wp\/v2\/product\/29822","targetHints":{"allow":["GET"]}}],"collection":[{"href":"https:\/\/serviclean.be\/de\/wp-json\/wp\/v2\/product"}],"about":[{"href":"https:\/\/serviclean.be\/de\/wp-json\/wp\/v2\/types\/product"}],"wp:featuredmedia":[{"embeddable":true,"href":"https:\/\/serviclean.be\/de\/wp-json\/wp\/v2\/media\/29829"}],"wp:attachment":[{"href":"https:\/\/serviclean.be\/de\/wp-json\/wp\/v2\/media?parent=29822"}],"wp:term":[{"taxonomy":"product_brand","embeddable":true,"href":"https:\/\/serviclean.be\/de\/wp-json\/wp\/v2\/product_brand?post=29822"},{"taxonomy":"product_cat","embeddable":true,"href":"https:\/\/serviclean.be\/de\/wp-json\/wp\/v2\/product_cat?post=29822"},{"taxonomy":"product_tag","embeddable":true,"href":"https:\/\/serviclean.be\/de\/wp-json\/wp\/v2\/product_tag?post=29822"}],"curies":[{"name":"wp","href":"https:\/\/api.w.org\/{rel}","templated":true}]}}