{"id":29816,"date":"2022-11-19T11:42:33","date_gmt":"2022-11-19T10:42:33","guid":{"rendered":"https:\/\/serviclean.be\/produit\/sier-holz-ruehrstaebchen-11-cm-x-5-mm-x-1-mm-einzelverpackung-papier-fsc-500-stueck\/"},"modified":"2022-11-19T11:42:33","modified_gmt":"2022-11-19T10:42:33","slug":"sier-holz-ruehrstaebchen-11-cm-x-5-mm-x-1-mm-einzelverpackung-papier-fsc-500-stueck","status":"publish","type":"product","link":"https:\/\/serviclean.be\/de\/produit\/sier-holz-ruehrstaebchen-11-cm-x-5-mm-x-1-mm-einzelverpackung-papier-fsc-500-stueck\/","title":{"rendered":"Sier Holz-R\u00fchrst\u00e4bchen 11 cm x 5 mm x 1 mm Einzelverpackung Papier FSC 500 St\u00fcck"},"content":{"rendered":"<p>L\u00e4nge: 11 cm<br \/>\nHoreca-Produkttyp: Besteck<br \/>\nBesteckmaterial: Holz<br \/>\nRecyclebar: Ja<br \/>\nMindesttemperatur: -5 Grad<br \/>\nH\u00f6chsttemperatur: 70 Grad<br \/>\nFSC: Ja<\/p>\n","protected":false},"excerpt":{"rendered":"<p>L\u00e4nge: 11 cm<br \/>\nHoreca-Produkttyp: Besteck<br \/>\nBesteckmaterial: Holz<br \/>\nRecyclebar: Ja<br \/>\nMindesttemperatur: -5 Grad<br \/>\nH\u00f6chsttemperatur: 70 Grad<br \/>\nFSC: Ja<\/p>\n<p><span style=\"color: #008000;\"><strong>Art.-Nr.: 5748<\/strong><\/span><\/p>\n","protected":false},"featured_media":29818,"template":"","meta":[],"product_brand":[],"product_cat":[625],"product_tag":[],"class_list":{"0":"post-29816","1":"product","2":"type-product","3":"status-publish","4":"has-post-thumbnail","6":"product_cat-besteck","8":"first","9":"instock","10":"taxable","11":"shipping-taxable","12":"purchasable","13":"product-type-simple"},"acf":[],"_links":{"self":[{"href":"https:\/\/serviclean.be\/de\/wp-json\/wp\/v2\/product\/29816","targetHints":{"allow":["GET"]}}],"collection":[{"href":"https:\/\/serviclean.be\/de\/wp-json\/wp\/v2\/product"}],"about":[{"href":"https:\/\/serviclean.be\/de\/wp-json\/wp\/v2\/types\/product"}],"wp:featuredmedia":[{"embeddable":true,"href":"https:\/\/serviclean.be\/de\/wp-json\/wp\/v2\/media\/29818"}],"wp:attachment":[{"href":"https:\/\/serviclean.be\/de\/wp-json\/wp\/v2\/media?parent=29816"}],"wp:term":[{"taxonomy":"product_brand","embeddable":true,"href":"https:\/\/serviclean.be\/de\/wp-json\/wp\/v2\/product_brand?post=29816"},{"taxonomy":"product_cat","embeddable":true,"href":"https:\/\/serviclean.be\/de\/wp-json\/wp\/v2\/product_cat?post=29816"},{"taxonomy":"product_tag","embeddable":true,"href":"https:\/\/serviclean.be\/de\/wp-json\/wp\/v2\/product_tag?post=29816"}],"curies":[{"name":"wp","href":"https:\/\/api.w.org\/{rel}","templated":true}]}}