{"id":29809,"date":"2022-11-26T18:44:05","date_gmt":"2022-11-26T17:44:05","guid":{"rendered":"https:\/\/serviclean.be\/produit\/staedtler-lumocolor-permanent-marker-rundspitze-schwarz-blau-rot\/"},"modified":"2022-11-26T18:44:05","modified_gmt":"2022-11-26T17:44:05","slug":"staedtler-lumocolor-permanent-marker-rundspitze-schwarz-blau-rot","status":"publish","type":"product","link":"https:\/\/serviclean.be\/de\/produit\/staedtler-lumocolor-permanent-marker-rundspitze-schwarz-blau-rot\/","title":{"rendered":"STAEDTLER Lumocolor Permanent Marker Rundspitze Schwarz\/Blau\/Rot"},"content":{"rendered":"<p>Hervorragende Wasser- und Wischfestigkeit auf den meisten Oberfl\u00e4chen<br \/>\nSchnelltrocknend auf der Oberfl\u00e4che, ideal f\u00fcr Linksh\u00e4nder<br \/>\nIntensive Farbe<br \/>\nGeruchsarm<br \/>\nUV-best\u00e4ndig (\u00fcber 10 Jahre)<br \/>\nWetterfest<br \/>\nBlockierte Spitze<br \/>\nSchaft und Kappe aus Polypropylen garantieren eine lange Lebensdauer<br \/>\n\u201eDRY SAFE\u201c-Tinte erm\u00f6glicht es, den Marker tagelang offen liegen zu lassen, ohne dass er eintrocknet (ISO 554 Test)<br \/>\nFlugsicher: automatischer Druckausgleich verhindert das Auslaufen der Tinte<br \/>\nNachf\u00fcllbar<\/p>\n","protected":false},"excerpt":{"rendered":"<p>STAEDTLER verbindet Tradition mit Innovation, um hochwertige Produkte zu entwickeln.<\/p>\n","protected":false},"featured_media":29812,"template":"","meta":[],"product_brand":[],"product_cat":[617],"product_tag":[],"class_list":{"0":"post-29809","1":"product","2":"type-product","3":"status-publish","4":"has-post-thumbnail","6":"product_cat-verschiedenes","8":"first","9":"instock","10":"taxable","11":"shipping-taxable","12":"purchasable","13":"product-type-variable"},"acf":[],"_links":{"self":[{"href":"https:\/\/serviclean.be\/de\/wp-json\/wp\/v2\/product\/29809","targetHints":{"allow":["GET"]}}],"collection":[{"href":"https:\/\/serviclean.be\/de\/wp-json\/wp\/v2\/product"}],"about":[{"href":"https:\/\/serviclean.be\/de\/wp-json\/wp\/v2\/types\/product"}],"wp:featuredmedia":[{"embeddable":true,"href":"https:\/\/serviclean.be\/de\/wp-json\/wp\/v2\/media\/29812"}],"wp:attachment":[{"href":"https:\/\/serviclean.be\/de\/wp-json\/wp\/v2\/media?parent=29809"}],"wp:term":[{"taxonomy":"product_brand","embeddable":true,"href":"https:\/\/serviclean.be\/de\/wp-json\/wp\/v2\/product_brand?post=29809"},{"taxonomy":"product_cat","embeddable":true,"href":"https:\/\/serviclean.be\/de\/wp-json\/wp\/v2\/product_cat?post=29809"},{"taxonomy":"product_tag","embeddable":true,"href":"https:\/\/serviclean.be\/de\/wp-json\/wp\/v2\/product_tag?post=29809"}],"curies":[{"name":"wp","href":"https:\/\/api.w.org\/{rel}","templated":true}]}}