{"id":29788,"date":"2023-01-05T15:12:58","date_gmt":"2023-01-05T14:12:58","guid":{"rendered":"https:\/\/serviclean.be\/produit\/wc-rollenhalter-brabantia\/"},"modified":"2023-01-05T15:12:58","modified_gmt":"2023-01-05T14:12:58","slug":"wc-rollenhalter-brabantia","status":"publish","type":"product","link":"https:\/\/serviclean.be\/de\/produit\/wc-rollenhalter-brabantia\/","title":{"rendered":"WC-ROLLENHALTER, BRABANTIA"},"content":{"rendered":"","protected":false},"excerpt":{"rendered":"<p>Dieser WC-Rollenhalter aus hochwertigem Edelstahl bietet Platz f\u00fcr 3 Rollen Toilettenpapier. Die Wandmontage ist dank der mitgelieferten Halterung einfach. Der Rollenhalter verf\u00fcgt \u00fcber einen rutschfesten Boden, damit er auch ohne Wandbefestigung sicher an seinem Platz bleibt.  <\/p>\n<p><strong><span style=\"color: #008000;\">Ref.: 6331<\/span><\/strong><\/p>\n","protected":false},"featured_media":29789,"template":"","meta":[],"product_brand":[],"product_cat":[588],"product_tag":[],"class_list":{"0":"post-29788","1":"product","2":"type-product","3":"status-publish","4":"has-post-thumbnail","6":"product_cat-spender-und-toilettenpapier","8":"first","9":"instock","10":"taxable","11":"shipping-taxable","12":"purchasable","13":"product-type-simple"},"acf":[],"_links":{"self":[{"href":"https:\/\/serviclean.be\/de\/wp-json\/wp\/v2\/product\/29788","targetHints":{"allow":["GET"]}}],"collection":[{"href":"https:\/\/serviclean.be\/de\/wp-json\/wp\/v2\/product"}],"about":[{"href":"https:\/\/serviclean.be\/de\/wp-json\/wp\/v2\/types\/product"}],"wp:featuredmedia":[{"embeddable":true,"href":"https:\/\/serviclean.be\/de\/wp-json\/wp\/v2\/media\/29789"}],"wp:attachment":[{"href":"https:\/\/serviclean.be\/de\/wp-json\/wp\/v2\/media?parent=29788"}],"wp:term":[{"taxonomy":"product_brand","embeddable":true,"href":"https:\/\/serviclean.be\/de\/wp-json\/wp\/v2\/product_brand?post=29788"},{"taxonomy":"product_cat","embeddable":true,"href":"https:\/\/serviclean.be\/de\/wp-json\/wp\/v2\/product_cat?post=29788"},{"taxonomy":"product_tag","embeddable":true,"href":"https:\/\/serviclean.be\/de\/wp-json\/wp\/v2\/product_tag?post=29788"}],"curies":[{"name":"wp","href":"https:\/\/api.w.org\/{rel}","templated":true}]}}