{"id":29787,"date":"2022-11-23T18:17:06","date_gmt":"2022-11-23T17:17:06","guid":{"rendered":"https:\/\/serviclean.be\/produit\/mikrofaser-geschirrtuch-40-x-75-cm-blau\/"},"modified":"2022-11-23T18:17:06","modified_gmt":"2022-11-23T17:17:06","slug":"mikrofaser-geschirrtuch-40-x-75-cm-blau","status":"publish","type":"product","link":"https:\/\/serviclean.be\/de\/produit\/mikrofaser-geschirrtuch-40-x-75-cm-blau\/","title":{"rendered":"Mikrofaser-Geschirrtuch 40 x 75 cm Blau"},"content":{"rendered":"<p>GRAUES TROCKENTUCH. Waffel-Kreuzgewebe. <\/p>\n<p>&#8211; Gute Waschbest\u00e4ndigkeit.<br \/>\n&#8211; Hervorragende Fl\u00fcssigkeitsaufnahme.<br \/>\n&#8211; Trendige Farbe, die Schmutzspuren nach dem Waschen kaschiert.<\/p>\n<p><strong>2 VERSCHIEDENE ANWENDUNGEN:<\/strong><\/p>\n<p><u>F\u00dcR DIE HORECA (Hotels, Restaurants, Caf\u00e9s)<\/u><br \/>\nGeschirrtuch zum Abtrocknen von Gl\u00e4sern, die nicht maschinengeeignet sind.<br \/>\nIdeal zum Aufnehmen von Wasser auf Wein- und Biergl\u00e4sern, ohne Streifen oder Partikel zu hinterlassen. (mit Schwamm und Scheuerpad verwenden) <\/p>\n<p><u>F\u00dcR INDUSTRIE UND AUTOMOBIL<\/u><\/p>\n<p>In Werkst\u00e4tten und Garagen, zum Aufnehmen von \u00d6len, Fetten, grobem Schmutz, zum Abwischen wirklich schmutziger H\u00e4nde e<\/p>\n","protected":false},"excerpt":{"rendered":"<p>Geschirrtuch zum Abtrocknen von Gl\u00e4sern, die nicht maschinengeeignet sind.<br \/>\nIdeal zum Aufnehmen von Wasser auf Wein- und Biergl\u00e4sern, ohne Streifen oder Partikel zu hinterlassen. (mit Schwamm und Scheuerpad verwenden) <\/p>\n<p>Bestimmt f\u00fcr <u>die HORECA (Hotels, Restaurants, Caf\u00e9s)<\/u><\/p>\n<p><span style=\"color: #008000;\"><strong>Ref.: 2901<\/strong><\/span><\/p>\n","protected":false},"featured_media":29791,"template":"","meta":[],"product_brand":[],"product_cat":[616],"product_tag":[],"class_list":{"0":"post-29787","1":"product","2":"type-product","3":"status-publish","4":"has-post-thumbnail","6":"product_cat-tucher-und-geschirrtucher","8":"first","9":"instock","10":"taxable","11":"shipping-taxable","12":"purchasable","13":"product-type-simple"},"acf":[],"_links":{"self":[{"href":"https:\/\/serviclean.be\/de\/wp-json\/wp\/v2\/product\/29787","targetHints":{"allow":["GET"]}}],"collection":[{"href":"https:\/\/serviclean.be\/de\/wp-json\/wp\/v2\/product"}],"about":[{"href":"https:\/\/serviclean.be\/de\/wp-json\/wp\/v2\/types\/product"}],"wp:featuredmedia":[{"embeddable":true,"href":"https:\/\/serviclean.be\/de\/wp-json\/wp\/v2\/media\/29791"}],"wp:attachment":[{"href":"https:\/\/serviclean.be\/de\/wp-json\/wp\/v2\/media?parent=29787"}],"wp:term":[{"taxonomy":"product_brand","embeddable":true,"href":"https:\/\/serviclean.be\/de\/wp-json\/wp\/v2\/product_brand?post=29787"},{"taxonomy":"product_cat","embeddable":true,"href":"https:\/\/serviclean.be\/de\/wp-json\/wp\/v2\/product_cat?post=29787"},{"taxonomy":"product_tag","embeddable":true,"href":"https:\/\/serviclean.be\/de\/wp-json\/wp\/v2\/product_tag?post=29787"}],"curies":[{"name":"wp","href":"https:\/\/api.w.org\/{rel}","templated":true}]}}