{"id":29772,"date":"2023-01-05T15:27:16","date_gmt":"2023-01-05T14:27:16","guid":{"rendered":"https:\/\/serviclean.be\/produit\/wand-abfalleimer-edelstahl-3-l\/"},"modified":"2023-01-05T15:27:16","modified_gmt":"2023-01-05T14:27:16","slug":"wand-abfalleimer-edelstahl-3-l","status":"publish","type":"product","link":"https:\/\/serviclean.be\/de\/produit\/wand-abfalleimer-edelstahl-3-l\/","title":{"rendered":"Wand-Abfalleimer Edelstahl 3 l"},"content":{"rendered":"","protected":false},"excerpt":{"rendered":"<p>Der <strong>Wand-Abfalleimer Edelstahl 3 l<\/strong> ist ein praktisches und elegantes Accessoire, das zur Platzoptimierung in Badezimmern und Toiletten entwickelt wurde. Ausgestattet mit einem herausnehmbaren Kunststoffeinsatz, sorgt er f\u00fcr eine unvergleichliche Reinigungsfreundlichkeit. Sein Fassungsverm\u00f6gen von 3 Litern ist ideal f\u00fcr den t\u00e4glichen Gebrauch und h\u00e4lt diese Bereiche stets sauber und ordentlich. Dieses Modell vereint Funktionalit\u00e4t und \u00c4sthetik und erf\u00fcllt so moderne Anforderungen an die Inneneinrichtung.   <\/p>\n<p><strong><span style=\"color: #008000;\">Ref.: 2109<\/span><\/strong><\/p>\n","protected":false},"featured_media":29780,"template":"","meta":[],"product_brand":[],"product_cat":[591,572],"product_tag":[],"class_list":{"0":"post-29772","1":"product","2":"type-product","3":"status-publish","4":"has-post-thumbnail","6":"product_cat-material-zubehor","7":"product_cat-mulleimer","9":"first","10":"instock","11":"taxable","12":"shipping-taxable","13":"purchasable","14":"product-type-simple"},"acf":[],"_links":{"self":[{"href":"https:\/\/serviclean.be\/de\/wp-json\/wp\/v2\/product\/29772","targetHints":{"allow":["GET"]}}],"collection":[{"href":"https:\/\/serviclean.be\/de\/wp-json\/wp\/v2\/product"}],"about":[{"href":"https:\/\/serviclean.be\/de\/wp-json\/wp\/v2\/types\/product"}],"wp:featuredmedia":[{"embeddable":true,"href":"https:\/\/serviclean.be\/de\/wp-json\/wp\/v2\/media\/29780"}],"wp:attachment":[{"href":"https:\/\/serviclean.be\/de\/wp-json\/wp\/v2\/media?parent=29772"}],"wp:term":[{"taxonomy":"product_brand","embeddable":true,"href":"https:\/\/serviclean.be\/de\/wp-json\/wp\/v2\/product_brand?post=29772"},{"taxonomy":"product_cat","embeddable":true,"href":"https:\/\/serviclean.be\/de\/wp-json\/wp\/v2\/product_cat?post=29772"},{"taxonomy":"product_tag","embeddable":true,"href":"https:\/\/serviclean.be\/de\/wp-json\/wp\/v2\/product_tag?post=29772"}],"curies":[{"name":"wp","href":"https:\/\/api.w.org\/{rel}","templated":true}]}}