{"id":29767,"date":"2023-02-18T19:29:39","date_gmt":"2023-02-18T18:29:39","guid":{"rendered":"https:\/\/serviclean.be\/produit\/ecolabel-faubert-mopp-grobgarn-mit-gewindeanschluss\/"},"modified":"2023-02-18T19:29:39","modified_gmt":"2023-02-18T18:29:39","slug":"ecolabel-faubert-mopp-grobgarn-mit-gewindeanschluss","status":"publish","type":"product","link":"https:\/\/serviclean.be\/de\/produit\/ecolabel-faubert-mopp-grobgarn-mit-gewindeanschluss\/","title":{"rendered":"Ecolabel Faubert-Mopp, Grobgarn mit Gewindeanschluss"},"content":{"rendered":"<p><strong>Vorteile<\/strong><\/p>\n<p>Effizient: nimmt Staub und Restschmutz effizient auf und bindet ihn<br \/>\nEinfach: leicht in der Anwendung<br \/>\nMaterial<br \/>\nGarn: Baumwolle &#8211; Anschluss: Kunststoff<\/p>\n<p><strong>Pflegehinweise<\/strong><br \/>\nRICHTLINIEN F\u00dcR DIE KORREKTE PFLEGE DER FASERN:<\/p>\n<p>Befolgen Sie die Waschanweisungen (Temperatur und Dosierung) auf der Waschmittelverpackung<br \/>\nF\u00fchren Sie eine Vorw\u00e4sche mit kaltem Wasser ohne Waschmittel durch, um eventuelle Reinigungsmittelr\u00fcckst\u00e4nde zu entfernen<br \/>\nDie Verwendung eines professionellen Waschmittels wird empfohlen<br \/>\nKeinen Weichsp\u00fcler verwenden<br \/>\nKeine Waschmittel mit einem pH-Wert &gt; 11 verwenden<br \/>\nDie Verwendung von W\u00e4schenetzen wird f\u00fcr ein schnelleres und hygienischeres Waschen empfohlen<\/p>\n<p>SPEZIFISCHE ANWEISUNGEN F\u00dcR DEN MOPP:<br \/>\nWaschtemperatur max. 60 \u00b0C<br \/>\nBleichen m\u00f6glich, kein Chlor verwenden<br \/>\nNicht im W\u00e4schetrockner trocknen<\/p>\n","protected":false},"excerpt":{"rendered":"<p>Faubert-Mopp aus Baumwoll-Grobgarn mit Gewindeanschluss, kann mit einer Presse verwendet werden. Ideal f\u00fcr Restschmutz, bei dem die Fasern h\u00e4ufig ausgesp\u00fclt werden m\u00fcssen. <\/p>\n<p><strong><span style=\"color: #008000;\">Art.-Nr.: 1724<\/span><\/strong><\/p>\n","protected":false},"featured_media":29771,"template":"","meta":[],"product_brand":[],"product_cat":[664],"product_tag":[],"class_list":{"0":"post-29767","1":"product","2":"type-product","3":"status-publish","4":"has-post-thumbnail","6":"product_cat-moppbezuge-und-mopps","8":"first","9":"instock","10":"taxable","11":"shipping-taxable","12":"purchasable","13":"product-type-simple"},"acf":[],"_links":{"self":[{"href":"https:\/\/serviclean.be\/de\/wp-json\/wp\/v2\/product\/29767","targetHints":{"allow":["GET"]}}],"collection":[{"href":"https:\/\/serviclean.be\/de\/wp-json\/wp\/v2\/product"}],"about":[{"href":"https:\/\/serviclean.be\/de\/wp-json\/wp\/v2\/types\/product"}],"wp:featuredmedia":[{"embeddable":true,"href":"https:\/\/serviclean.be\/de\/wp-json\/wp\/v2\/media\/29771"}],"wp:attachment":[{"href":"https:\/\/serviclean.be\/de\/wp-json\/wp\/v2\/media?parent=29767"}],"wp:term":[{"taxonomy":"product_brand","embeddable":true,"href":"https:\/\/serviclean.be\/de\/wp-json\/wp\/v2\/product_brand?post=29767"},{"taxonomy":"product_cat","embeddable":true,"href":"https:\/\/serviclean.be\/de\/wp-json\/wp\/v2\/product_cat?post=29767"},{"taxonomy":"product_tag","embeddable":true,"href":"https:\/\/serviclean.be\/de\/wp-json\/wp\/v2\/product_tag?post=29767"}],"curies":[{"name":"wp","href":"https:\/\/api.w.org\/{rel}","templated":true}]}}