{"id":29756,"date":"2024-12-14T15:04:05","date_gmt":"2024-12-14T14:04:05","guid":{"rendered":"https:\/\/serviclean.be\/produit\/vitro-clean-450-ml-glaskeramik-reiniger\/"},"modified":"2024-12-14T15:04:05","modified_gmt":"2024-12-14T14:04:05","slug":"vitro-clean-450-ml-glaskeramik-reiniger","status":"publish","type":"product","link":"https:\/\/serviclean.be\/de\/produit\/vitro-clean-450-ml-glaskeramik-reiniger\/","title":{"rendered":"Vitro Clean 450 ml Glaskeramik-Reiniger"},"content":{"rendered":"<p>Vitro Clean 450 ml ist ein speziell f\u00fcr Glaskeramikfl\u00e4chen entwickelter Reiniger. Dank seiner kraftvollen Formel reinigt, poliert und entfettet er diese empfindlichen Oberfl\u00e4chen effektiv. Er entfernt schnell Spuren, Verschmutzungen und R\u00fcckst\u00e4nde, ohne zu kratzen oder einen Film zu hinterlassen. Einfach in der Anwendung, verleiht er Ihren Glaskeramikkochfeldern Glanz und Transparenz und garantiert ein sauberes und makelloses Ergebnis. Ideal f\u00fcr den privaten oder professionellen Gebrauch.    <\/p>\n<p>&nbsp;<\/p>\n<p>&nbsp;<\/p>\n","protected":false},"excerpt":{"rendered":"<p>Vitro Clean ist ein 450 ml Glaskeramik-Reiniger, der f\u00fcr eine effektive und m\u00fchelose Reinigung entwickelt wurde. Er entfernt Fette und bringt Ihre Oberfl\u00e4chen zum Gl\u00e4nzen.  <strong><span style=\"color: #008000;\">Art.-Nr.: 5994<\/span><\/strong><\/p>\n","protected":false},"featured_media":19727,"template":"","meta":[],"product_brand":[],"product_cat":[605,597],"product_tag":[],"class_list":{"0":"post-29756","1":"product","2":"type-product","3":"status-publish","4":"has-post-thumbnail","6":"product_cat-entfettungsprodukte","7":"product_cat-fettloser","9":"first","10":"instock","11":"taxable","12":"shipping-taxable","13":"purchasable","14":"product-type-simple"},"acf":[],"_links":{"self":[{"href":"https:\/\/serviclean.be\/de\/wp-json\/wp\/v2\/product\/29756","targetHints":{"allow":["GET"]}}],"collection":[{"href":"https:\/\/serviclean.be\/de\/wp-json\/wp\/v2\/product"}],"about":[{"href":"https:\/\/serviclean.be\/de\/wp-json\/wp\/v2\/types\/product"}],"wp:featuredmedia":[{"embeddable":true,"href":"https:\/\/serviclean.be\/de\/wp-json\/wp\/v2\/media\/19727"}],"wp:attachment":[{"href":"https:\/\/serviclean.be\/de\/wp-json\/wp\/v2\/media?parent=29756"}],"wp:term":[{"taxonomy":"product_brand","embeddable":true,"href":"https:\/\/serviclean.be\/de\/wp-json\/wp\/v2\/product_brand?post=29756"},{"taxonomy":"product_cat","embeddable":true,"href":"https:\/\/serviclean.be\/de\/wp-json\/wp\/v2\/product_cat?post=29756"},{"taxonomy":"product_tag","embeddable":true,"href":"https:\/\/serviclean.be\/de\/wp-json\/wp\/v2\/product_tag?post=29756"}],"curies":[{"name":"wp","href":"https:\/\/api.w.org\/{rel}","templated":true}]}}