{"id":29751,"date":"2024-12-21T16:04:42","date_gmt":"2024-12-21T15:04:42","guid":{"rendered":"https:\/\/serviclean.be\/produit\/autocut-handtuchspender-compact-weiss-star-pro-linie\/"},"modified":"2024-12-21T16:04:42","modified_gmt":"2024-12-21T15:04:42","slug":"autocut-handtuchspender-compact-weiss-star-pro-linie","status":"publish","type":"product","link":"https:\/\/serviclean.be\/de\/produit\/autocut-handtuchspender-compact-weiss-star-pro-linie\/","title":{"rendered":"Autocut-Handtuchspender Compact wei\u00df STAR PRO Linie"},"content":{"rendered":"<p>Der Rollenhandtuchspender CP-6525-B mit automatischem Schneidesystem der STAR PRO Linie besticht durch ein minimalistisches Design, das ihm eine organische und elegante Ausstrahlung verleiht, ohne die Serviceeffizienz zu beeintr\u00e4chtigen.<\/p>\n<p>Das Geh\u00e4use besteht aus Polypropylen, wobei besonderes Augenmerk auf soziale Verantwortung und Nachhaltigkeit gelegt wurde.<\/p>\n<p>Sein perfekt kalibrierter interner Mechanismus erfordert keinen gro\u00dfen Kraftaufwand beim Ziehen des Papiers durch das Schneidesystem, was selbst mit nassen H\u00e4nden eine einwandfreie Funktion garantiert.<\/p>\n<p>Er verf\u00fcgt \u00fcber ein zweifaches Sichtfenster zur Kontrolle des F\u00fcllstands sowie ein Sicherheitsrad zur Erleichterung des Papiereinlegens und der Installation.<\/p>\n<p>Diese hochwertigen, wirtschaftlichen Spender sind aus recycelbarem Kunststoff gefertigt \u2013 einem robusten, leichten und flexiblen Material. Sie werden mit einem Standardschl\u00fcssel geliefert, das Montagematerial ist im Lieferumfang enthalten.<br \/>\nEs handelt sich zweifellos um eine moderne Linie, die in jeden Raum passt. <\/p>\n","protected":false},"excerpt":{"rendered":"<p>Rollenhandtuchspender mit Autocut-System und kompaktem Design. Material aus wei\u00dfem Polypropylen, STAR PRO Linie. <\/p>\n<p><strong><span style=\"color: #008000;\">Art.-Nr.: 0860<\/span><\/strong><\/p>\n","protected":false},"featured_media":19728,"template":"","meta":[],"product_brand":[],"product_cat":[585],"product_tag":[],"class_list":{"0":"post-29751","1":"product","2":"type-product","3":"status-publish","4":"has-post-thumbnail","6":"product_cat-handtuchspender","8":"first","9":"instock","10":"taxable","11":"shipping-taxable","12":"purchasable","13":"product-type-simple"},"acf":[],"_links":{"self":[{"href":"https:\/\/serviclean.be\/de\/wp-json\/wp\/v2\/product\/29751","targetHints":{"allow":["GET"]}}],"collection":[{"href":"https:\/\/serviclean.be\/de\/wp-json\/wp\/v2\/product"}],"about":[{"href":"https:\/\/serviclean.be\/de\/wp-json\/wp\/v2\/types\/product"}],"wp:featuredmedia":[{"embeddable":true,"href":"https:\/\/serviclean.be\/de\/wp-json\/wp\/v2\/media\/19728"}],"wp:attachment":[{"href":"https:\/\/serviclean.be\/de\/wp-json\/wp\/v2\/media?parent=29751"}],"wp:term":[{"taxonomy":"product_brand","embeddable":true,"href":"https:\/\/serviclean.be\/de\/wp-json\/wp\/v2\/product_brand?post=29751"},{"taxonomy":"product_cat","embeddable":true,"href":"https:\/\/serviclean.be\/de\/wp-json\/wp\/v2\/product_cat?post=29751"},{"taxonomy":"product_tag","embeddable":true,"href":"https:\/\/serviclean.be\/de\/wp-json\/wp\/v2\/product_tag?post=29751"}],"curies":[{"name":"wp","href":"https:\/\/api.w.org\/{rel}","templated":true}]}}