{"id":29750,"date":"2024-12-21T15:37:28","date_gmt":"2024-12-21T14:37:28","guid":{"rendered":"https:\/\/serviclean.be\/produit\/weisser-polypropylene-putztuchrollenspender-star-pro\/"},"modified":"2024-12-21T15:37:28","modified_gmt":"2024-12-21T14:37:28","slug":"weisser-polypropylene-putztuchrollenspender-star-pro","status":"publish","type":"product","link":"https:\/\/serviclean.be\/de\/produit\/weisser-polypropylene-putztuchrollenspender-star-pro\/","title":{"rendered":"Wei\u00dfer Polypropylene-Putztuchrollenspender STAR PRO"},"content":{"rendered":"<p>Dieser Putztuchrollenspender kann Papierrollen mit einem maximalen Durchmesser von 205 mm aufnehmen, was eine l\u00e4ngere Nutzung ohne Nachf\u00fcllen erm\u00f6glicht.<\/p>\n<p>Das Au\u00dfengeh\u00e4use besteht aus Polypropylen, wobei der Schwerpunkt auf sozialer Verantwortung und Nachhaltigkeit liegt.<\/p>\n<p>Es handelt sich um hochwertige, wirtschaftliche Spender aus recycelbarem Kunststoff, einem robusten, leichten und flexiblen Material. Er wird mit einem Standardschl\u00fcssel geliefert und das Montagematerial ist enthalten. <\/p>\n","protected":false},"excerpt":{"rendered":"<p>Putztuchrollenspender aus wei\u00dfem Polypropylen. Linie STAR PRO. <\/p>\n<p><strong><span style=\"color: #008000;\">Art.-Nr.: 0856<\/span><\/strong><\/p>\n","protected":false},"featured_media":19708,"template":"","meta":[],"product_brand":[],"product_cat":[585],"product_tag":[],"class_list":{"0":"post-29750","1":"product","2":"type-product","3":"status-publish","4":"has-post-thumbnail","6":"product_cat-handtuchspender","8":"first","9":"instock","10":"taxable","11":"shipping-taxable","12":"purchasable","13":"product-type-simple"},"acf":[],"_links":{"self":[{"href":"https:\/\/serviclean.be\/de\/wp-json\/wp\/v2\/product\/29750","targetHints":{"allow":["GET"]}}],"collection":[{"href":"https:\/\/serviclean.be\/de\/wp-json\/wp\/v2\/product"}],"about":[{"href":"https:\/\/serviclean.be\/de\/wp-json\/wp\/v2\/types\/product"}],"wp:featuredmedia":[{"embeddable":true,"href":"https:\/\/serviclean.be\/de\/wp-json\/wp\/v2\/media\/19708"}],"wp:attachment":[{"href":"https:\/\/serviclean.be\/de\/wp-json\/wp\/v2\/media?parent=29750"}],"wp:term":[{"taxonomy":"product_brand","embeddable":true,"href":"https:\/\/serviclean.be\/de\/wp-json\/wp\/v2\/product_brand?post=29750"},{"taxonomy":"product_cat","embeddable":true,"href":"https:\/\/serviclean.be\/de\/wp-json\/wp\/v2\/product_cat?post=29750"},{"taxonomy":"product_tag","embeddable":true,"href":"https:\/\/serviclean.be\/de\/wp-json\/wp\/v2\/product_tag?post=29750"}],"curies":[{"name":"wp","href":"https:\/\/api.w.org\/{rel}","templated":true}]}}