{"id":29745,"date":"2024-12-14T15:50:32","date_gmt":"2024-12-14T14:50:32","guid":{"rendered":"https:\/\/serviclean.be\/produit\/handtuchspender-aus-weissem-polypropylen-star-pro\/"},"modified":"2024-12-14T15:50:32","modified_gmt":"2024-12-14T14:50:32","slug":"handtuchspender-aus-weissem-polypropylen-star-pro","status":"publish","type":"product","link":"https:\/\/serviclean.be\/de\/produit\/handtuchspender-aus-weissem-polypropylen-star-pro\/","title":{"rendered":"Handtuchspender aus wei\u00dfem Polypropylen STAR PRO"},"content":{"rendered":"<p>Der Papierhandtuchrollenspender CP-6525-B der STAR PRO Linie mit automatischem Schneidsystem besticht durch ein minimalistisches Design, das ihm eine organische und elegante Pers\u00f6nlichkeit verleiht, ohne an Serviceeffizienz einzub\u00fc\u00dfen.<\/p>\n<p>Das Au\u00dfengeh\u00e4use besteht aus Polypropylen, wobei besonderes Augenmerk auf soziale Verantwortung und Nachhaltigkeit gelegt wurde.<\/p>\n<p>Sein perfekt kalibriertes internes Mechanismus erfordert keine gro\u00dfe Kraft, um das Papier durch das Schneidsystem zu ziehen, was selbst mit nassen H\u00e4nden eine einwandfreie Leistung gew\u00e4hrleistet.<\/p>\n<p>Er verf\u00fcgt \u00fcber eine doppelte Anzeige, um den Papierstand im Inneren zu sehen, und ein Sicherheitsrad zur einfachen Papierzuf\u00fchrung und Installation.<\/p>\n<p>Diese hochwertigen, wirtschaftlichen Spender werden aus recycelbarem Kunststoff hergestellt, einem robusten, leichten und flexiblen Material. Sie werden mit einem Standardschl\u00fcssel geliefert und das Installationsmaterial ist im Lieferumfang enthalten.<br \/>\nDies ist zweifellos eine moderne Linie, die sich an alle R\u00e4ume anpasst. <\/p>\n","protected":false},"excerpt":{"rendered":"<p>Papiertuchspender 600 Blatt. Polypropylen. Farbe Wei\u00df. STAR PRO Linie  <\/p>\n<p><strong><span style=\"color: #008000;\">Art.-Nr.: 0858<\/span><\/strong><\/p>\n<p>&nbsp;<\/p>\n","protected":false},"featured_media":19732,"template":"","meta":[],"product_brand":[],"product_cat":[585],"product_tag":[],"class_list":{"0":"post-29745","1":"product","2":"type-product","3":"status-publish","4":"has-post-thumbnail","6":"product_cat-handtuchspender","8":"first","9":"instock","10":"taxable","11":"shipping-taxable","12":"purchasable","13":"product-type-simple"},"acf":[],"_links":{"self":[{"href":"https:\/\/serviclean.be\/de\/wp-json\/wp\/v2\/product\/29745","targetHints":{"allow":["GET"]}}],"collection":[{"href":"https:\/\/serviclean.be\/de\/wp-json\/wp\/v2\/product"}],"about":[{"href":"https:\/\/serviclean.be\/de\/wp-json\/wp\/v2\/types\/product"}],"wp:featuredmedia":[{"embeddable":true,"href":"https:\/\/serviclean.be\/de\/wp-json\/wp\/v2\/media\/19732"}],"wp:attachment":[{"href":"https:\/\/serviclean.be\/de\/wp-json\/wp\/v2\/media?parent=29745"}],"wp:term":[{"taxonomy":"product_brand","embeddable":true,"href":"https:\/\/serviclean.be\/de\/wp-json\/wp\/v2\/product_brand?post=29745"},{"taxonomy":"product_cat","embeddable":true,"href":"https:\/\/serviclean.be\/de\/wp-json\/wp\/v2\/product_cat?post=29745"},{"taxonomy":"product_tag","embeddable":true,"href":"https:\/\/serviclean.be\/de\/wp-json\/wp\/v2\/product_tag?post=29745"}],"curies":[{"name":"wp","href":"https:\/\/api.w.org\/{rel}","templated":true}]}}