{"id":29742,"date":"2024-12-14T14:34:19","date_gmt":"2024-12-14T13:34:19","guid":{"rendered":"https:\/\/serviclean.be\/produit\/papierhandtuchspender-aus-weissem-polypropylen-star-pro\/"},"modified":"2024-12-14T14:34:19","modified_gmt":"2024-12-14T13:34:19","slug":"papierhandtuchspender-aus-weissem-polypropylen-star-pro","status":"publish","type":"product","link":"https:\/\/serviclean.be\/de\/produit\/papierhandtuchspender-aus-weissem-polypropylen-star-pro\/","title":{"rendered":"Papierhandtuchspender aus wei\u00dfem Polypropylen STAR PRO"},"content":{"rendered":"<p>Das Au\u00dfengeh\u00e4use besteht aus Polypropylen \u2013 im Sinne sozialer Verantwortung und Nachhaltigkeit.<\/p>\n<p>Die Spender sind wirtschaftlich und hochwertig. Sie bestehen aus recycelbarem Kunststoff, einem robusten, leichten und flexiblen Material. Sie werden mit einem Standardschl\u00fcssel geliefert, und das Installationsmaterial ist enthalten.  <\/p>\n<p>Es handelt sich zweifellos um eine moderne Linie, die sich an alle R\u00e4ume anpasst.<\/p>\n<p>&nbsp;<\/p>\n","protected":false},"excerpt":{"rendered":"<p>Papierhandtuchspender aus wei\u00dfem Polypropylen. STAR PRO Linie. <\/p>\n<p><strong><span style=\"color: #008000;\">Ref.: 0857<\/span><\/strong><\/p>\n<p>&nbsp;<\/p>\n","protected":false},"featured_media":19716,"template":"","meta":[],"product_brand":[],"product_cat":[585],"product_tag":[],"class_list":{"0":"post-29742","1":"product","2":"type-product","3":"status-publish","4":"has-post-thumbnail","6":"product_cat-handtuchspender","8":"first","9":"instock","10":"taxable","11":"shipping-taxable","12":"purchasable","13":"product-type-simple"},"acf":[],"_links":{"self":[{"href":"https:\/\/serviclean.be\/de\/wp-json\/wp\/v2\/product\/29742","targetHints":{"allow":["GET"]}}],"collection":[{"href":"https:\/\/serviclean.be\/de\/wp-json\/wp\/v2\/product"}],"about":[{"href":"https:\/\/serviclean.be\/de\/wp-json\/wp\/v2\/types\/product"}],"wp:featuredmedia":[{"embeddable":true,"href":"https:\/\/serviclean.be\/de\/wp-json\/wp\/v2\/media\/19716"}],"wp:attachment":[{"href":"https:\/\/serviclean.be\/de\/wp-json\/wp\/v2\/media?parent=29742"}],"wp:term":[{"taxonomy":"product_brand","embeddable":true,"href":"https:\/\/serviclean.be\/de\/wp-json\/wp\/v2\/product_brand?post=29742"},{"taxonomy":"product_cat","embeddable":true,"href":"https:\/\/serviclean.be\/de\/wp-json\/wp\/v2\/product_cat?post=29742"},{"taxonomy":"product_tag","embeddable":true,"href":"https:\/\/serviclean.be\/de\/wp-json\/wp\/v2\/product_tag?post=29742"}],"curies":[{"name":"wp","href":"https:\/\/api.w.org\/{rel}","templated":true}]}}