{"id":29739,"date":"2024-12-21T15:20:15","date_gmt":"2024-12-21T14:20:15","guid":{"rendered":"https:\/\/serviclean.be\/produit\/mini-jumbo-toilettenpapierspender-star-pro\/"},"modified":"2024-12-21T15:20:15","modified_gmt":"2024-12-21T14:20:15","slug":"mini-jumbo-toilettenpapierspender-star-pro","status":"publish","type":"product","link":"https:\/\/serviclean.be\/de\/produit\/mini-jumbo-toilettenpapierspender-star-pro\/","title":{"rendered":"Mini-Jumbo-Toilettenpapierspender STAR PRO"},"content":{"rendered":"<p data-start=\"106\" data-end=\"950\">Der Mini-Jumbo-Toilettenpapierspender der STAR PRO-Linie aus wei\u00dfem Polypropylen ist die perfekte L\u00f6sung f\u00fcr hochfrequentierte Bereiche. Dieser Spender ist f\u00fcr Rollen mit einer maximalen Breite von 110 mm und einem Durchmesser von 210 mm (Kern-Durchmesser 45 mm) ausgelegt und garantiert eine hohe Kapazit\u00e4t sowie ein optimales Papiermanagement. Sein minimalistisches Design verleiht ihm eine organische und elegante Note bei gleichzeitig hoher Serviceeffizienz. Das Geh\u00e4use besteht aus Polypropylen \u2013 einem robusten, leichten, flexiblen und recycelbaren Material, das soziale Verantwortung und Nachhaltigkeit vereint.   <\/p>\n<p data-start=\"106\" data-end=\"950\">Dieses Modell ist mit einem Schloss und einem Kunststoffschl\u00fcssel ausgestattet, um das Nachf\u00fcllen von Verbrauchsmaterialien zu erleichtern und das Innere des Spenders vor unsachgem\u00e4\u00dfem Gebrauch zu sch\u00fctzen.<\/p>\n<p data-start=\"952\" data-end=\"986\"><strong data-start=\"952\" data-end=\"986\">Hauptmerkmale:<\/strong><\/p>\n<ul data-start=\"987\" data-end=\"1576\">\n<li data-start=\"987\" data-end=\"1103\">\n<p data-start=\"989\" data-end=\"1103\"><strong data-start=\"989\" data-end=\"1016\">Rollenma\u00dfe<\/strong>: Maximale Breite von 110 mm und Durchmesser von 210 mm, bei einem Kern-Durchmesser von 45 mm.<\/p>\n<\/li>\n<li data-start=\"1104\" data-end=\"1189\">\n<p data-start=\"1106\" data-end=\"1189\"><strong data-start=\"1106\" data-end=\"1128\">Minimalistisches Design<\/strong>: Elegant und modern, mit hoher Serviceeffizienz.<\/p>\n<\/li>\n<li data-start=\"1190\" data-end=\"1258\">\n<p data-start=\"1192\" data-end=\"1258\"><strong data-start=\"1192\" data-end=\"1204\">Material<\/strong>: Recycelbares Polypropylen, robust, leicht und langlebig.<\/p>\n<\/li>\n<li data-start=\"1259\" data-end=\"1374\">\n<p data-start=\"1261\" data-end=\"1374\"><strong data-start=\"1261\" data-end=\"1279\">Schloss und Schl\u00fcssel<\/strong>: F\u00fcr einen einfachen Austausch der Verbrauchsmaterialien und Schutz vor Missbrauch.<\/p>\n<\/li>\n<li data-start=\"1375\" data-end=\"1459\">\n<p data-start=\"1377\" data-end=\"1459\"><strong data-start=\"1377\" data-end=\"1391\">Umweltfreundlich<\/strong>: Aus recycelbarem Kunststoff hergestellt, schont die Umwelt.<\/p>\n<\/li>\n<li data-start=\"1460\" data-end=\"1576\">\n<p data-start=\"1462\" data-end=\"1576\"><strong data-start=\"1462\" data-end=\"1476\">Ideal f\u00fcr<\/strong>: \u00d6ffentliche Toiletten, B\u00fcros, Restaurants, Hotels und andere hochfrequentierte Bereiche.<\/p>\n<\/li>\n<\/ul>\n","protected":false},"excerpt":{"rendered":"<p>Der Mini-Jumbo-Toilettenpapierspender STAR PRO aus wei\u00dfem Polypropylen bietet eine praktische und \u00e4sthetische L\u00f6sung f\u00fcr den intensiven Gebrauch. Seine Kapazit\u00e4t f\u00fcr Jumbo-Rollen garantiert eine optimale Verf\u00fcgbarkeit und f\u00fcgt sich perfekt in verschiedene Umgebungen ein. <\/p>\n<p><strong><span style=\"color: #008000;\">Ref.: 0864<\/span><\/strong><\/p>\n","protected":false},"featured_media":19736,"template":"","meta":[],"product_brand":[],"product_cat":[588],"product_tag":[],"class_list":{"0":"post-29739","1":"product","2":"type-product","3":"status-publish","4":"has-post-thumbnail","6":"product_cat-spender-und-toilettenpapier","8":"first","9":"instock","10":"taxable","11":"shipping-taxable","12":"purchasable","13":"product-type-simple"},"acf":[],"_links":{"self":[{"href":"https:\/\/serviclean.be\/de\/wp-json\/wp\/v2\/product\/29739","targetHints":{"allow":["GET"]}}],"collection":[{"href":"https:\/\/serviclean.be\/de\/wp-json\/wp\/v2\/product"}],"about":[{"href":"https:\/\/serviclean.be\/de\/wp-json\/wp\/v2\/types\/product"}],"wp:featuredmedia":[{"embeddable":true,"href":"https:\/\/serviclean.be\/de\/wp-json\/wp\/v2\/media\/19736"}],"wp:attachment":[{"href":"https:\/\/serviclean.be\/de\/wp-json\/wp\/v2\/media?parent=29739"}],"wp:term":[{"taxonomy":"product_brand","embeddable":true,"href":"https:\/\/serviclean.be\/de\/wp-json\/wp\/v2\/product_brand?post=29739"},{"taxonomy":"product_cat","embeddable":true,"href":"https:\/\/serviclean.be\/de\/wp-json\/wp\/v2\/product_cat?post=29739"},{"taxonomy":"product_tag","embeddable":true,"href":"https:\/\/serviclean.be\/de\/wp-json\/wp\/v2\/product_tag?post=29739"}],"curies":[{"name":"wp","href":"https:\/\/api.w.org\/{rel}","templated":true}]}}