{"id":29736,"date":"2024-12-21T15:28:36","date_gmt":"2024-12-21T14:28:36","guid":{"rendered":"https:\/\/serviclean.be\/produit\/nachfuellbarer-fluessigseifen-und-haendedesinfektionsgelspender-850-ml-star-pro\/"},"modified":"2024-12-21T15:28:36","modified_gmt":"2024-12-21T14:28:36","slug":"nachfuellbarer-fluessigseifen-und-haendedesinfektionsgelspender-850-ml-star-pro","status":"publish","type":"product","link":"https:\/\/serviclean.be\/de\/produit\/nachfuellbarer-fluessigseifen-und-haendedesinfektionsgelspender-850-ml-star-pro\/","title":{"rendered":"Nachf\u00fcllbarer Fl\u00fcssigseifen- und H\u00e4ndedesinfektionsgelspender 850 ml &#8211; STAR PRO"},"content":{"rendered":"<p>Seine Abmessungen (221 x 155 x 117 mm) erm\u00f6glichen die Platzierung in jeder Art von Raum und bieten gleichzeitig Funktionalit\u00e4t und Sicherheit dank seines Schlosses und Kunststoffschl\u00fcssels. Perfekt f\u00fcr Hotels, Restaurants, Krankenh\u00e4user, Kantinen, K\u00fcchen, Tankstellen usw. <\/p>\n","protected":false},"excerpt":{"rendered":"<p>Der nachf\u00fcllbare Fl\u00fcssigseifen- und H\u00e4ndedesinfektionsgelspender 850 ml der STAR PRO Linie stellt eine praktische und elegante L\u00f6sung f\u00fcr Umgebungen dar, die optimale Hygiene erfordern. Hergestellt aus hochwertigem wei\u00dfem Polypropylen, ist dieser nachf\u00fcllbare Seifenspender f\u00fcr den t\u00e4glichen Gebrauch konzipiert und reduziert gleichzeitig den Plastikverbrauch. Sein ergonomisches und modernes Design f\u00fcgt sich harmonisch in verschiedene Bereiche wie B\u00fcros, Krankenh\u00e4user und Gastronomiebetriebe ein. Entscheiden Sie sich f\u00fcr diesen Fl\u00fcssigseifenspender, um Effizienz und Umweltverantwortung zu vereinen.   <\/p>\n<p><strong><span style=\"color: #008000;\">Art.-Nr.: 0855<\/span><\/strong><\/p>\n","protected":false},"featured_media":19719,"template":"","meta":[],"product_brand":[],"product_cat":[571],"product_tag":[],"class_list":{"0":"post-29736","1":"product","2":"type-product","3":"status-publish","4":"has-post-thumbnail","6":"product_cat-handhygiene","8":"first","9":"onbackorder","10":"taxable","11":"shipping-taxable","12":"purchasable","13":"product-type-simple"},"acf":[],"_links":{"self":[{"href":"https:\/\/serviclean.be\/de\/wp-json\/wp\/v2\/product\/29736","targetHints":{"allow":["GET"]}}],"collection":[{"href":"https:\/\/serviclean.be\/de\/wp-json\/wp\/v2\/product"}],"about":[{"href":"https:\/\/serviclean.be\/de\/wp-json\/wp\/v2\/types\/product"}],"wp:featuredmedia":[{"embeddable":true,"href":"https:\/\/serviclean.be\/de\/wp-json\/wp\/v2\/media\/19719"}],"wp:attachment":[{"href":"https:\/\/serviclean.be\/de\/wp-json\/wp\/v2\/media?parent=29736"}],"wp:term":[{"taxonomy":"product_brand","embeddable":true,"href":"https:\/\/serviclean.be\/de\/wp-json\/wp\/v2\/product_brand?post=29736"},{"taxonomy":"product_cat","embeddable":true,"href":"https:\/\/serviclean.be\/de\/wp-json\/wp\/v2\/product_cat?post=29736"},{"taxonomy":"product_tag","embeddable":true,"href":"https:\/\/serviclean.be\/de\/wp-json\/wp\/v2\/product_tag?post=29736"}],"curies":[{"name":"wp","href":"https:\/\/api.w.org\/{rel}","templated":true}]}}