{"id":29735,"date":"2024-12-14T16:24:24","date_gmt":"2024-12-14T15:24:24","guid":{"rendered":"https:\/\/serviclean.be\/produit\/maxi-jumbo-toilettenpapierspender-star-pro-polypropylen-weiss\/"},"modified":"2024-12-14T16:24:24","modified_gmt":"2024-12-14T15:24:24","slug":"maxi-jumbo-toilettenpapierspender-star-pro-polypropylen-weiss","status":"publish","type":"product","link":"https:\/\/serviclean.be\/de\/produit\/maxi-jumbo-toilettenpapierspender-star-pro-polypropylen-weiss\/","title":{"rendered":"Maxi Jumbo Toilettenpapierspender STAR PRO \u2013 Polypropylen Wei\u00df"},"content":{"rendered":"<p data-start=\"0\" data-end=\"17\"><strong data-start=\"0\" data-end=\"17\">Beschreibung:<\/strong><\/p>\n<p data-start=\"19\" data-end=\"787\">Der Maxi Jumbo Toilettenpapierspender der STAR PRO-Linie aus wei\u00dfem Polypropylen vereint Funktionalit\u00e4t, Langlebigkeit und elegantes Design. Dieser Spender eignet sich f\u00fcr Papierrollen mit einer maximalen Breite von 110 mm und einem Durchmesser von 210 mm, bei einem maximalen Kerndurchmesser von 45 mm. Sein minimalistisches und organisches Design f\u00fcgt sich perfekt in verschiedene Umgebungen ein und optimiert gleichzeitig die Serviceeffizienz. Hergestellt aus recycelbarem Kunststoff, ist dieses Modell robust, leicht und flexibel zugleich und entspricht den Prinzipien der sozialen Verantwortung und Nachhaltigkeit. Er ist zudem mit einem Schloss und einem Kunststoffschl\u00fcssel ausgestattet, was einen einfachen Austausch der Verbrauchsmaterialien erm\u00f6glicht und das Innere vor unsachgem\u00e4\u00dfem Gebrauch sch\u00fctzt.    <\/p>\n<p data-start=\"789\" data-end=\"823\"><strong data-start=\"789\" data-end=\"823\">Hauptmerkmale:<\/strong><\/p>\n<ul data-start=\"824\" data-end=\"1345\">\n<li data-start=\"824\" data-end=\"962\">\n<p data-start=\"826\" data-end=\"962\"><strong data-start=\"826\" data-end=\"843\">Kompatibilit\u00e4t<\/strong>: Geeignet f\u00fcr Papierrollen bis zu 110 mm Breite und 210 mm Durchmesser, mit einem Kerndurchmesser von 45 mm.<\/p>\n<\/li>\n<li data-start=\"963\" data-end=\"1061\">\n<p data-start=\"965\" data-end=\"1061\"><strong data-start=\"965\" data-end=\"977\">Material<\/strong>: Hergestellt aus wei\u00dfem Polypropylen, recycelbarer Kunststoff, robust, leicht und flexibel.<\/p>\n<\/li>\n<li data-start=\"1062\" data-end=\"1156\">\n<p data-start=\"1064\" data-end=\"1156\"><strong data-start=\"1064\" data-end=\"1074\">Design<\/strong>: Minimalistisch und elegant, f\u00fcr eine harmonische Integration in alle R\u00e4umlichkeiten.<\/p>\n<\/li>\n<li data-start=\"1157\" data-end=\"1271\">\n<p data-start=\"1159\" data-end=\"1271\"><strong data-start=\"1159\" data-end=\"1177\">Schloss und Schl\u00fcssel<\/strong>: Sicherheitssystem zum Schutz des Inhalts und zur Erleichterung des Austauschs von Verbrauchsmaterialien.<\/p>\n<\/li>\n<li data-start=\"1272\" data-end=\"1345\">\n<p data-start=\"1274\" data-end=\"1345\"><strong data-start=\"1274\" data-end=\"1288\">Umweltfreundlich<\/strong>: Aus recycelbarem Kunststoff gefertigt, verantwortungsbewusst und nachhaltig.<\/p>\n<\/li>\n<\/ul>\n","protected":false},"excerpt":{"rendered":"<p>Toilettenpapierspender Format Maxi Jumbo Polypropylen Farbe Wei\u00df. STAR PRO-Linie <\/p>\n<p><strong><span style=\"color: #008000;\">Art.-Nr.: 0863<\/span><\/strong><\/p>\n","protected":false},"featured_media":19742,"template":"","meta":[],"product_brand":[],"product_cat":[588],"product_tag":[],"class_list":{"0":"post-29735","1":"product","2":"type-product","3":"status-publish","4":"has-post-thumbnail","6":"product_cat-spender-und-toilettenpapier","8":"first","9":"instock","10":"taxable","11":"shipping-taxable","12":"purchasable","13":"product-type-simple"},"acf":[],"_links":{"self":[{"href":"https:\/\/serviclean.be\/de\/wp-json\/wp\/v2\/product\/29735","targetHints":{"allow":["GET"]}}],"collection":[{"href":"https:\/\/serviclean.be\/de\/wp-json\/wp\/v2\/product"}],"about":[{"href":"https:\/\/serviclean.be\/de\/wp-json\/wp\/v2\/types\/product"}],"wp:featuredmedia":[{"embeddable":true,"href":"https:\/\/serviclean.be\/de\/wp-json\/wp\/v2\/media\/19742"}],"wp:attachment":[{"href":"https:\/\/serviclean.be\/de\/wp-json\/wp\/v2\/media?parent=29735"}],"wp:term":[{"taxonomy":"product_brand","embeddable":true,"href":"https:\/\/serviclean.be\/de\/wp-json\/wp\/v2\/product_brand?post=29735"},{"taxonomy":"product_cat","embeddable":true,"href":"https:\/\/serviclean.be\/de\/wp-json\/wp\/v2\/product_cat?post=29735"},{"taxonomy":"product_tag","embeddable":true,"href":"https:\/\/serviclean.be\/de\/wp-json\/wp\/v2\/product_tag?post=29735"}],"curies":[{"name":"wp","href":"https:\/\/api.w.org\/{rel}","templated":true}]}}