{"id":29717,"date":"2024-12-14T18:17:31","date_gmt":"2024-12-14T17:17:31","guid":{"rendered":"https:\/\/serviclean.be\/produit\/schleifpad-xxl-12x25-cm-verschiedene-farben\/"},"modified":"2024-12-14T18:17:31","modified_gmt":"2024-12-14T17:17:31","slug":"schleifpad-xxl-12x25-cm-verschiedene-farben","status":"publish","type":"product","link":"https:\/\/serviclean.be\/de\/produit\/schleifpad-xxl-12x25-cm-verschiedene-farben\/","title":{"rendered":"Schleifpad XXL 12&#215;25 cm &#8211; verschiedene Farben"},"content":{"rendered":"<p>Entdecken Sie die ServiClean Schleifpads, ideal f\u00fcr Ihre Reinigungs- und Renovierungsprojekte. Probieren Sie unser Schleifpad XXL! <\/p>\n","protected":false},"excerpt":{"rendered":"<p>Das Schleifpad XXL mit den Ma\u00dfen 12&#215;25 cm ist in verschiedenen Farben erh\u00e4ltlich. Es wurde entwickelt, um den Anforderungen von Profis und Heimwerkern gerecht zu werden und bietet erh\u00f6hte Effizienz beim Schleifen und Reinigen. Seine gro\u00dfz\u00fcgige Gr\u00f6\u00dfe erm\u00f6glicht eine optimale Anwendung auf gro\u00dfen Fl\u00e4chen und garantiert dabei ein makelloses Ergebnis. Setzen Sie auf das Schleifpad f\u00fcr Ihre Wartungs- und Finishing-Projekte.   <\/p>\n<p>&nbsp;<\/p>\n<p><strong><span style=\"color: #008000;\">Ref.: 5998  <\/span><\/strong><\/p>\n","protected":false},"featured_media":19757,"template":"","meta":[],"product_brand":[],"product_cat":[609],"product_tag":[],"class_list":{"0":"post-29717","1":"product","2":"type-product","3":"status-publish","4":"has-post-thumbnail","6":"product_cat-schwamme","8":"first","9":"instock","10":"taxable","11":"shipping-taxable","12":"purchasable","13":"product-type-variable"},"acf":[],"_links":{"self":[{"href":"https:\/\/serviclean.be\/de\/wp-json\/wp\/v2\/product\/29717","targetHints":{"allow":["GET"]}}],"collection":[{"href":"https:\/\/serviclean.be\/de\/wp-json\/wp\/v2\/product"}],"about":[{"href":"https:\/\/serviclean.be\/de\/wp-json\/wp\/v2\/types\/product"}],"wp:featuredmedia":[{"embeddable":true,"href":"https:\/\/serviclean.be\/de\/wp-json\/wp\/v2\/media\/19757"}],"wp:attachment":[{"href":"https:\/\/serviclean.be\/de\/wp-json\/wp\/v2\/media?parent=29717"}],"wp:term":[{"taxonomy":"product_brand","embeddable":true,"href":"https:\/\/serviclean.be\/de\/wp-json\/wp\/v2\/product_brand?post=29717"},{"taxonomy":"product_cat","embeddable":true,"href":"https:\/\/serviclean.be\/de\/wp-json\/wp\/v2\/product_cat?post=29717"},{"taxonomy":"product_tag","embeddable":true,"href":"https:\/\/serviclean.be\/de\/wp-json\/wp\/v2\/product_tag?post=29717"}],"curies":[{"name":"wp","href":"https:\/\/api.w.org\/{rel}","templated":true}]}}