{"id":29701,"date":"2026-01-27T15:39:04","date_gmt":"2026-01-27T14:39:04","guid":{"rendered":"https:\/\/serviclean.be\/produit\/rational-klarspueltabs-50-stueck\/"},"modified":"2026-01-27T15:39:04","modified_gmt":"2026-01-27T14:39:04","slug":"rational-klarspueltabs-50-stueck","status":"publish","type":"product","link":"https:\/\/serviclean.be\/de\/produit\/rational-klarspueltabs-50-stueck\/","title":{"rendered":"Rational Klarsp\u00fcltabs, 50 St\u00fcck"},"content":{"rendered":"<p><b><span dir=\"auto\">Klarsp\u00fcltabs f\u00fcr folgende Ger\u00e4te:<\/span><\/b><\/p>\n<ul>\n<li><span dir=\"auto\">SelfCookingCenter Classic ab 2004<\/span><\/li>\n<li><span dir=\"auto\">CombiMaster Plus ab 05\/2017<\/span><\/li>\n<\/ul>\n<p><b><span dir=\"auto\">Nicht f\u00fcr iCombi Pro und iCombi Classic Modelle geeignet!<\/span><\/b><\/p>\n<p><span dir=\"auto\">Die Pflegeprodukte sind speziell auf die Anforderungen von Rational-Ger\u00e4ten abgestimmt. Die ausschlie\u00dfliche Verwendung von Original Rational Pflegeprodukten garantiert den <\/span><br \/>\n<span dir=\"auto\">Werterhalt Ihrer Investition. Original Rational Pflegeprodukte bieten: <\/span><\/p>\n<ul>\n<li><span dir=\"auto\">Optimale Reinigungsergebnisse<\/span><\/li>\n<li><span dir=\"auto\">Kraftvoll gegen Schmutz und Kalk<\/span><\/li>\n<li><span dir=\"auto\">Maximale Ergiebigkeit<\/span><\/li>\n<li><span dir=\"auto\">Ideale Langzeitpflege<\/span><\/li>\n<li><span dir=\"auto\">Maximale Betriebssicherheit<\/span><\/li>\n<li><span dir=\"auto\">Optimale Hygienegarantie f\u00fcr gesunde Speisen<\/span><\/li>\n<li><span dir=\"auto\">Minimale Reinigungs- und Pflegekosten<\/span><\/li>\n<\/ul>\n","protected":false},"excerpt":{"rendered":"<p>Rational Klarsp\u00fcltabs wurden speziell f\u00fcr die optimale Pflege professioneller K\u00fcchenger\u00e4te entwickelt. Diese Klarsp\u00fcltabs sind mit dem SelfCookingCenter Classic ab 2004 und dem CombiMaster Plus ab Mai 2017 kompatibel und sorgen f\u00fcr makellosen Glanz. Jede Packung enth\u00e4lt 50 Tabs f\u00fcr eine langanhaltende und effiziente Anwendung. Entscheiden Sie sich f\u00fcr Rational Klarsp\u00fcltabs, um die Leistung und Optik Ihrer Ger\u00e4te zu erhalten.   <\/p>\n<p><strong><span style=\"color: #008000;\">Art.-Nr.: 2224<\/span><\/strong><\/p>\n","protected":false},"featured_media":26043,"template":"","meta":[],"product_brand":[],"product_cat":[642,573],"product_tag":[],"class_list":{"0":"post-29701","1":"product","2":"type-product","3":"status-publish","4":"has-post-thumbnail","6":"product_cat-geschirrspulmaschinen-professionell","7":"product_cat-kuchenhygiene","9":"first","10":"instock","11":"taxable","12":"shipping-taxable","13":"purchasable","14":"product-type-simple"},"acf":[],"_links":{"self":[{"href":"https:\/\/serviclean.be\/de\/wp-json\/wp\/v2\/product\/29701","targetHints":{"allow":["GET"]}}],"collection":[{"href":"https:\/\/serviclean.be\/de\/wp-json\/wp\/v2\/product"}],"about":[{"href":"https:\/\/serviclean.be\/de\/wp-json\/wp\/v2\/types\/product"}],"wp:featuredmedia":[{"embeddable":true,"href":"https:\/\/serviclean.be\/de\/wp-json\/wp\/v2\/media\/26043"}],"wp:attachment":[{"href":"https:\/\/serviclean.be\/de\/wp-json\/wp\/v2\/media?parent=29701"}],"wp:term":[{"taxonomy":"product_brand","embeddable":true,"href":"https:\/\/serviclean.be\/de\/wp-json\/wp\/v2\/product_brand?post=29701"},{"taxonomy":"product_cat","embeddable":true,"href":"https:\/\/serviclean.be\/de\/wp-json\/wp\/v2\/product_cat?post=29701"},{"taxonomy":"product_tag","embeddable":true,"href":"https:\/\/serviclean.be\/de\/wp-json\/wp\/v2\/product_tag?post=29701"}],"curies":[{"name":"wp","href":"https:\/\/api.w.org\/{rel}","templated":true}]}}