{"id":29692,"date":"2026-01-27T16:05:16","date_gmt":"2026-01-27T15:05:16","guid":{"rendered":"https:\/\/serviclean.be\/produit\/rational-care-control-eimer-mit-150-tabletten\/"},"modified":"2026-01-27T16:05:16","modified_gmt":"2026-01-27T15:05:16","slug":"rational-care-control-eimer-mit-150-tabletten","status":"publish","type":"product","link":"https:\/\/serviclean.be\/de\/produit\/rational-care-control-eimer-mit-150-tabletten\/","title":{"rendered":"Rational Care Control Eimer mit 150 Tabletten"},"content":{"rendered":"<p data-rm-block-id=\"block-2\">Die Pflegeprodukte wurden speziell auf die Bed\u00fcrfnisse von Rational-Ger\u00e4ten abgestimmt. Nur die Verwendung von Original Rational Pflegeprodukten garantiert Ihnen den Werterhalt Ihrer Investition. Original RATIONAL Pflegeprodukte stehen f\u00fcr:  <\/p>\n<ul>\n<li data-rm-block-id=\"block-3\">Beste Reinigungsergebnisse<\/li>\n<li data-rm-block-id=\"block-4\">Kraftvoll gegen Schmutz und Kalk<\/li>\n<li data-rm-block-id=\"block-5\">Maximale Ergiebigkeit<\/li>\n<li data-rm-block-id=\"block-6\">Ideale Langzeitpflege<\/li>\n<li data-rm-block-id=\"block-7\">Maximale Betriebssicherheit<\/li>\n<li data-rm-block-id=\"block-8\">Optimale hygienische Sicherheit f\u00fcr gesunde Speisen<\/li>\n<li data-rm-block-id=\"block-9\">Minimale Reinigungs- und Pflegekosten<\/li>\n<\/ul>\n","protected":false},"excerpt":{"rendered":"<p>Rational Care Control Klarsp\u00fcltabletten f\u00fcr alle SelfCookingCenter f\u00fcr Ger\u00e4te ab Oktober 2008<\/p>\n<p><strong><span style=\"color: #008000;\">Art.-Nr.: 0225<\/span><\/strong><\/p>\n","protected":false},"featured_media":26051,"template":"","meta":[],"product_brand":[],"product_cat":[642,573],"product_tag":[],"class_list":{"0":"post-29692","1":"product","2":"type-product","3":"status-publish","4":"has-post-thumbnail","6":"product_cat-geschirrspulmaschinen-professionell","7":"product_cat-kuchenhygiene","9":"first","10":"instock","11":"taxable","12":"shipping-taxable","13":"purchasable","14":"product-type-simple"},"acf":[],"_links":{"self":[{"href":"https:\/\/serviclean.be\/de\/wp-json\/wp\/v2\/product\/29692","targetHints":{"allow":["GET"]}}],"collection":[{"href":"https:\/\/serviclean.be\/de\/wp-json\/wp\/v2\/product"}],"about":[{"href":"https:\/\/serviclean.be\/de\/wp-json\/wp\/v2\/types\/product"}],"wp:featuredmedia":[{"embeddable":true,"href":"https:\/\/serviclean.be\/de\/wp-json\/wp\/v2\/media\/26051"}],"wp:attachment":[{"href":"https:\/\/serviclean.be\/de\/wp-json\/wp\/v2\/media?parent=29692"}],"wp:term":[{"taxonomy":"product_brand","embeddable":true,"href":"https:\/\/serviclean.be\/de\/wp-json\/wp\/v2\/product_brand?post=29692"},{"taxonomy":"product_cat","embeddable":true,"href":"https:\/\/serviclean.be\/de\/wp-json\/wp\/v2\/product_cat?post=29692"},{"taxonomy":"product_tag","embeddable":true,"href":"https:\/\/serviclean.be\/de\/wp-json\/wp\/v2\/product_tag?post=29692"}],"curies":[{"name":"wp","href":"https:\/\/api.w.org\/{rel}","templated":true}]}}