{"id":29690,"date":"2025-02-09T00:19:23","date_gmt":"2025-02-08T23:19:23","guid":{"rendered":"https:\/\/serviclean.be\/produit\/chinesische-essstaebchen-2\/"},"modified":"2025-02-09T00:19:23","modified_gmt":"2025-02-08T23:19:23","slug":"chinesische-essstaebchen-2","status":"publish","type":"product","link":"https:\/\/serviclean.be\/de\/produit\/chinesische-essstaebchen-2\/","title":{"rendered":"CHINESISCHE ESSST\u00c4BCHEN"},"content":{"rendered":"<p>CHINESISCHE ESSST\u00c4BCHEN IN PAPIERH\u00dcLLE 19,5 CM DUNKLES BAMBUS (100 ST\u00dcCK)<\/p>\n","protected":false},"excerpt":{"rendered":"<p>CHINESISCHE ESSST\u00c4BCHEN IN PAPIERH\u00dcLLE 19,5 CM DUNKLES BAMBUS (100 ST\u00dcCK)<\/p>\n","protected":false},"featured_media":20000,"template":"","meta":[],"product_brand":[],"product_cat":[716],"product_tag":[],"class_list":{"0":"post-29690","1":"product","2":"type-product","3":"status-publish","4":"has-post-thumbnail","6":"product_cat-einwegbesteck","8":"first","9":"instock","10":"taxable","11":"shipping-taxable","12":"purchasable","13":"product-type-simple"},"acf":[],"_links":{"self":[{"href":"https:\/\/serviclean.be\/de\/wp-json\/wp\/v2\/product\/29690","targetHints":{"allow":["GET"]}}],"collection":[{"href":"https:\/\/serviclean.be\/de\/wp-json\/wp\/v2\/product"}],"about":[{"href":"https:\/\/serviclean.be\/de\/wp-json\/wp\/v2\/types\/product"}],"wp:featuredmedia":[{"embeddable":true,"href":"https:\/\/serviclean.be\/de\/wp-json\/wp\/v2\/media\/20000"}],"wp:attachment":[{"href":"https:\/\/serviclean.be\/de\/wp-json\/wp\/v2\/media?parent=29690"}],"wp:term":[{"taxonomy":"product_brand","embeddable":true,"href":"https:\/\/serviclean.be\/de\/wp-json\/wp\/v2\/product_brand?post=29690"},{"taxonomy":"product_cat","embeddable":true,"href":"https:\/\/serviclean.be\/de\/wp-json\/wp\/v2\/product_cat?post=29690"},{"taxonomy":"product_tag","embeddable":true,"href":"https:\/\/serviclean.be\/de\/wp-json\/wp\/v2\/product_tag?post=29690"}],"curies":[{"name":"wp","href":"https:\/\/api.w.org\/{rel}","templated":true}]}}