{"id":29685,"date":"2026-02-11T19:30:03","date_gmt":"2026-02-11T18:30:03","guid":{"rendered":"https:\/\/serviclean.be\/produit\/schwarze-olivenoelseife-1-l-forever\/"},"modified":"2026-02-11T19:30:03","modified_gmt":"2026-02-11T18:30:03","slug":"schwarze-olivenoelseife-1-l-forever","status":"publish","type":"product","link":"https:\/\/serviclean.be\/de\/produit\/schwarze-olivenoelseife-1-l-forever\/","title":{"rendered":"Schwarze Oliven\u00f6lseife \u2013 1 L Forever"},"content":{"rendered":"<div id=\"gotoSection6\" class=\"pdp-sec-style col-xs-12 hidden-sm visible-sm-hz visible-xs visible-md visible-lg no-padding\">\n<div class=\"section-content desc-sixsection-content col-xs-12 no-padding\">\n<div class=\"sixsection-content\">\n<div class=\"pdp-table-sec-outer-style col-xs-12 no-padding\">\n<div class=\"col-xs-12 pdp-table-sec-head-style\"><span style=\"color: #555555; font-size: 14.4px;\">Die Schwarze Oliven\u00f6lseife Forever ist eine traditionelle Naturseife, ideal f\u00fcr die \u00f6kologische und effektive Reinigung aller Oberfl\u00e4chen. Reich an Oliven\u00f6l, reinigt sie sanft, pflegt die Haut und schont die Umwelt. <\/span><\/div>\n<div class=\"col-xs-12 pdp-table-sec-row-style\">\n<div class=\"col-xs-6 no-padding pdp-sec-table-value-style\">\n<p>Perfekt f\u00fcr den privaten oder professionellen Gebrauch, wird diese vielseitige Seife f\u00fcr ihre Reinigungs- und Entfettungskraft sowie ihre F\u00e4higkeit, hartn\u00e4ckigen Schmutz zu entfernen, ohne Oberfl\u00e4chen anzugreifen, sehr gesch\u00e4tzt.<\/p>\n<p><strong>Technische Informationen<\/strong><\/p>\n<ul>\n<li>Typ: Fl\u00fcssige nat\u00fcrliche schwarze Seife<\/li>\n<li>Hauptbestandteil: Oliven\u00f6l<\/li>\n<li>Anwendung: \u00d6kologische Reinigung aller Oberfl\u00e4chen<\/li>\n<li>Format: 1 Liter<\/li>\n<li>Eigenschaften: Reinigend, entfettend, sanft zu Haut und Umwelt<\/li>\n<li>Anwendungsbereiche: Haushalt, Pflege, diverse Oberfl\u00e4chen<\/li>\n<\/ul>\n<\/div>\n<\/div>\n<\/div>\n<\/div>\n<\/div>\n<\/div>\n","protected":false},"excerpt":{"rendered":"<p>Schwarze Oliven\u00f6lseife 1 L Forever ist ein leistungsstarker \u00f6kologischer Reiniger, der Effizienz und Umweltfreundlichkeit vereint. <span style=\"color: #008000;\"><strong>Art.-Nr.: 2457<\/strong><\/span><\/p>\n","protected":false},"featured_media":29687,"template":"","meta":[],"product_brand":[],"product_cat":[578,579,605,650],"product_tag":[],"class_list":{"0":"post-29685","1":"product","2":"type-product","3":"status-publish","4":"has-post-thumbnail","6":"product_cat-pflegeprodukte","7":"product_cat-bodenreinigung","8":"product_cat-entfettungsprodukte","9":"product_cat-fleckenentferner","11":"first","12":"instock","13":"taxable","14":"shipping-taxable","15":"purchasable","16":"product-type-simple"},"acf":[],"_links":{"self":[{"href":"https:\/\/serviclean.be\/de\/wp-json\/wp\/v2\/product\/29685","targetHints":{"allow":["GET"]}}],"collection":[{"href":"https:\/\/serviclean.be\/de\/wp-json\/wp\/v2\/product"}],"about":[{"href":"https:\/\/serviclean.be\/de\/wp-json\/wp\/v2\/types\/product"}],"wp:featuredmedia":[{"embeddable":true,"href":"https:\/\/serviclean.be\/de\/wp-json\/wp\/v2\/media\/29687"}],"wp:attachment":[{"href":"https:\/\/serviclean.be\/de\/wp-json\/wp\/v2\/media?parent=29685"}],"wp:term":[{"taxonomy":"product_brand","embeddable":true,"href":"https:\/\/serviclean.be\/de\/wp-json\/wp\/v2\/product_brand?post=29685"},{"taxonomy":"product_cat","embeddable":true,"href":"https:\/\/serviclean.be\/de\/wp-json\/wp\/v2\/product_cat?post=29685"},{"taxonomy":"product_tag","embeddable":true,"href":"https:\/\/serviclean.be\/de\/wp-json\/wp\/v2\/product_tag?post=29685"}],"curies":[{"name":"wp","href":"https:\/\/api.w.org\/{rel}","templated":true}]}}