{"id":29627,"date":"2025-04-20T00:07:14","date_gmt":"2025-04-19T22:07:14","guid":{"rendered":"https:\/\/serviclean.be\/produit\/antistaubmatte-120-x-180-cm-anthrazit\/"},"modified":"2025-04-20T00:07:14","modified_gmt":"2025-04-19T22:07:14","slug":"antistaubmatte-120-x-180-cm-anthrazit","status":"publish","type":"product","link":"https:\/\/serviclean.be\/de\/produit\/antistaubmatte-120-x-180-cm-anthrazit\/","title":{"rendered":"Antistaubmatte 120 \u00d7 180 cm \u2013 Anthrazit"},"content":{"rendered":"<p>Die Antistaubmatte 120 \u00d7 180 cm in Anthrazit ist daf\u00fcr konzipiert, Staub, Feuchtigkeit und von au\u00dfen eingetragenen Schmutz effektiv zur\u00fcckzuhalten \u2013 f\u00fcr saubere und sichere Bereiche.<\/p>\n<p>Mit ihrer gro\u00dfen Gr\u00f6\u00dfe (120 \u00d7 180 cm) eignet sie sich perfekt f\u00fcr Haupteing\u00e4nge, Hallen, Flure und stark frequentierte Durchgangsbereiche. Ihre hochdichte Struktur (HD) sorgt f\u00fcr eine hervorragende Aufnahmef\u00e4higkeit und eine \u00fcberlegene Langlebigkeit \u2013 auch bei intensiver Nutzung. <\/p>\n<p>Die rutschhemmende R\u00fcckseite h\u00e4lt die Matte sicher an Ort und Stelle und sorgt f\u00fcr mehr Sicherheit, w\u00e4hrend die anthrazitfarbene Optik eine schlichte, elegante Note verleiht \u2013 passend f\u00fcr professionelle wie auch private Umgebungen.<\/p>\n<p><strong>Technische Daten:<\/strong><\/p>\n<ul>\n<li>Produkt: Hochdichte Antistaubmatte (HD)<\/li>\n<li>Ma\u00dfe: 120 \u00d7 180 cm<\/li>\n<li>Farbe: Anthrazit (dunkelgrau)<\/li>\n<\/ul>\n<p><strong>Eigenschaften:<\/strong><\/p>\n<ul>\n<li>H\u00e4lt Staub, Feuchtigkeit und Schmutz zur\u00fcck<\/li>\n<li>Gro\u00dfe Abdeckfl\u00e4che<\/li>\n<li>Strapazierf\u00e4hige, hochdichte Struktur<\/li>\n<li>Rutschhemmende R\u00fcckseite f\u00fcr mehr Sicherheit<\/li>\n<li>F\u00fcr intensive Nutzung geeignet<\/li>\n<li>Leicht zu reinigen und zu pflegen<\/li>\n<\/ul>\n<p><strong>Anwendungsbereiche:<\/strong><\/p>\n<ul>\n<li>Haupteing\u00e4nge, Hallen und Flure<\/li>\n<li>B\u00fcros und Gesch\u00e4fte<\/li>\n<li>Hotels und Restaurants<\/li>\n<li>Gemeinschaftsbereiche und \u00f6ffentliche Einrichtungen<\/li>\n<\/ul>\n<p><strong>Pflegehinweise:<\/strong><\/p>\n<ul>\n<li>Regelm\u00e4\u00dfig absaugen, um Staub und Schmutz zu entfernen.<\/li>\n<li>Je nach Bedarf regelm\u00e4\u00dfig aussch\u00fctteln oder waschen.<\/li>\n<li>Bei Bedarf pr\u00fcfen und neu positionieren, um die Stabilit\u00e4t zu gew\u00e4hrleisten.<\/li>\n<\/ul>\n","protected":false},"excerpt":{"rendered":"<p>Antistaubmatte anthrazit HD 120 \u00d7 180 cm. Gro\u00dfe Fl\u00e4che, h\u00e4lt Staub und Feuchtigkeit zur\u00fcck. Strapazierf\u00e4hig, rutschfest, ideal f\u00fcr Eing\u00e4nge und stark frequentierte Durchgangsbereiche.  <\/p>\n<p><strong><span style=\"color: #008000;\">Ref:  <\/span><\/strong><\/p>\n","protected":false},"featured_media":29624,"template":"","meta":[],"product_brand":[],"product_cat":[649],"product_tag":[],"class_list":{"0":"post-29627","1":"product","2":"type-product","3":"status-publish","4":"has-post-thumbnail","6":"product_cat-teppiche-auslegewaren","8":"first","9":"instock","10":"taxable","11":"shipping-taxable","12":"purchasable","13":"product-type-simple"},"acf":[],"_links":{"self":[{"href":"https:\/\/serviclean.be\/de\/wp-json\/wp\/v2\/product\/29627","targetHints":{"allow":["GET"]}}],"collection":[{"href":"https:\/\/serviclean.be\/de\/wp-json\/wp\/v2\/product"}],"about":[{"href":"https:\/\/serviclean.be\/de\/wp-json\/wp\/v2\/types\/product"}],"wp:featuredmedia":[{"embeddable":true,"href":"https:\/\/serviclean.be\/de\/wp-json\/wp\/v2\/media\/29624"}],"wp:attachment":[{"href":"https:\/\/serviclean.be\/de\/wp-json\/wp\/v2\/media?parent=29627"}],"wp:term":[{"taxonomy":"product_brand","embeddable":true,"href":"https:\/\/serviclean.be\/de\/wp-json\/wp\/v2\/product_brand?post=29627"},{"taxonomy":"product_cat","embeddable":true,"href":"https:\/\/serviclean.be\/de\/wp-json\/wp\/v2\/product_cat?post=29627"},{"taxonomy":"product_tag","embeddable":true,"href":"https:\/\/serviclean.be\/de\/wp-json\/wp\/v2\/product_tag?post=29627"}],"curies":[{"name":"wp","href":"https:\/\/api.w.org\/{rel}","templated":true}]}}