{"id":29615,"date":"2025-04-26T17:14:35","date_gmt":"2025-04-26T15:14:35","guid":{"rendered":"https:\/\/serviclean.be\/produit\/calgon-gel-3-in-1-750-ml\/"},"modified":"2025-04-26T17:14:35","modified_gmt":"2025-04-26T15:14:35","slug":"calgon-gel-3-in-1-750-ml","status":"publish","type":"product","link":"https:\/\/serviclean.be\/de\/produit\/calgon-gel-3-in-1-750-ml\/","title":{"rendered":"Calgon Gel 3-in-1 750 ml"},"content":{"rendered":"<p>Calgon Gel 3-in-1 \u2013 750 ml ist ein leistungsstarkes Anti-Kalk-Gel, das gegen Kalk, Waschmittelr\u00fcckst\u00e4nde und unangenehme Ger\u00fcche wirkt. Seine fl\u00fcssige Formel wirkt ab Beginn des Waschgangs und sorgt f\u00fcr einen umfassenden Schutz Ihrer Waschmaschine. <\/p>\n<ul>\n<li>Neutralisiert Kalk- und Schmutzablagerungen, um die Lebensdauer Ihrer Maschine zu verl\u00e4ngern.<\/li>\n<li>F\u00f6rdert bei jedem Waschgang den Abtransport von Schmutz und Waschmittelr\u00fcckst\u00e4nden.<\/li>\n<li>Beugt unangenehmen Ger\u00fcchen vor, indem es die Ansammlung von R\u00fcckst\u00e4nden und stehender Feuchtigkeit verhindert.<\/li>\n<li>Die Gelformel von Calgon 3-in-1 hilft, Ihre Maschine im Alltag sauber und hygienisch zu halten.<\/li>\n<li>Die Anwendung bei jedem Waschgang sorgt f\u00fcr eine gesch\u00fctzte, effizientere Maschine und makellose W\u00e4sche.<\/li>\n<\/ul>\n<p>F\u00fcr alle Maschinentypen und Waschprogramme geeignet: Calgon optimiert au\u00dferdem die Wirksamkeit Ihres Waschmittels, auch bei niedrigen Temperaturen.<\/p>\n","protected":false},"excerpt":{"rendered":"<p>Calgon Gel 3-in-1 \u2013 750 ml. Entfernt Kalk, Schmutz und Waschmittelr\u00fcckst\u00e4nde. Beugt Ger\u00fcchen vor und sch\u00fctzt Ihre Maschine bei jedem Waschgang.  <\/p>\n<p><strong><span style=\"color: #008000;\">Ref.: 0418<\/span><\/strong><\/p>\n<p>&nbsp;<\/p>\n","protected":false},"featured_media":20418,"template":"","meta":[],"product_brand":[],"product_cat":[602],"product_tag":[],"class_list":{"0":"post-29615","1":"product","2":"type-product","3":"status-publish","4":"has-post-thumbnail","6":"product_cat-waschmittel-und-weichspuler","8":"first","9":"instock","10":"taxable","11":"shipping-taxable","12":"purchasable","13":"product-type-simple"},"acf":[],"_links":{"self":[{"href":"https:\/\/serviclean.be\/de\/wp-json\/wp\/v2\/product\/29615","targetHints":{"allow":["GET"]}}],"collection":[{"href":"https:\/\/serviclean.be\/de\/wp-json\/wp\/v2\/product"}],"about":[{"href":"https:\/\/serviclean.be\/de\/wp-json\/wp\/v2\/types\/product"}],"wp:featuredmedia":[{"embeddable":true,"href":"https:\/\/serviclean.be\/de\/wp-json\/wp\/v2\/media\/20418"}],"wp:attachment":[{"href":"https:\/\/serviclean.be\/de\/wp-json\/wp\/v2\/media?parent=29615"}],"wp:term":[{"taxonomy":"product_brand","embeddable":true,"href":"https:\/\/serviclean.be\/de\/wp-json\/wp\/v2\/product_brand?post=29615"},{"taxonomy":"product_cat","embeddable":true,"href":"https:\/\/serviclean.be\/de\/wp-json\/wp\/v2\/product_cat?post=29615"},{"taxonomy":"product_tag","embeddable":true,"href":"https:\/\/serviclean.be\/de\/wp-json\/wp\/v2\/product_tag?post=29615"}],"curies":[{"name":"wp","href":"https:\/\/api.w.org\/{rel}","templated":true}]}}