{"id":29605,"date":"2025-04-26T17:31:35","date_gmt":"2025-04-26T15:31:35","guid":{"rendered":"https:\/\/serviclean.be\/produit\/calgon-3in1-17-tabs\/"},"modified":"2025-04-26T17:31:35","modified_gmt":"2025-04-26T15:31:35","slug":"calgon-3in1-17-tabs","status":"publish","type":"product","link":"https:\/\/serviclean.be\/de\/produit\/calgon-3in1-17-tabs\/","title":{"rendered":"Calgon 3in1, 17 Tabs"},"content":{"rendered":"<p>Calgon 3in1 \u2013 17 Tabs sch\u00fctzt Ihre Waschmaschine vor Kalk, Schmutz und Ger\u00fcchen. Die kraftvolle Formel wirkt ab dem ersten Waschgang, um die Lebensdauer Ihres Ger\u00e4ts zu verl\u00e4ngern, Pannen vorzubeugen und stets sauberere W\u00e4sche zu garantieren. <\/p>\n<p>Bei jedem Waschgang angewendet, verhindert Calgon 3in1 die Ansammlung von R\u00fcckst\u00e4nden in der Trommel, den Schl\u00e4uchen und den Heizst\u00e4ben, w\u00e4hrend es die Wirksamkeit Ihres Waschmittels selbst bei niedrigen Temperaturen optimiert.<\/p>\n","protected":false},"excerpt":{"rendered":"<p>17 Calgon 3in1 Tabs. Sch\u00fctzt die Maschine vor Kalk, Schmutz und Ger\u00fcchen. Verl\u00e4ngert ihre Lebensdauer.  <\/p>\n<p><strong><span style=\"color: #008000;\">Art.-Nr.: 4411 <\/span><\/strong><\/p>\n","protected":false},"featured_media":20422,"template":"","meta":[],"product_brand":[],"product_cat":[602],"product_tag":[],"class_list":{"0":"post-29605","1":"product","2":"type-product","3":"status-publish","4":"has-post-thumbnail","6":"product_cat-waschmittel-und-weichspuler","8":"first","9":"instock","10":"taxable","11":"shipping-taxable","12":"purchasable","13":"product-type-simple"},"acf":[],"_links":{"self":[{"href":"https:\/\/serviclean.be\/de\/wp-json\/wp\/v2\/product\/29605","targetHints":{"allow":["GET"]}}],"collection":[{"href":"https:\/\/serviclean.be\/de\/wp-json\/wp\/v2\/product"}],"about":[{"href":"https:\/\/serviclean.be\/de\/wp-json\/wp\/v2\/types\/product"}],"wp:featuredmedia":[{"embeddable":true,"href":"https:\/\/serviclean.be\/de\/wp-json\/wp\/v2\/media\/20422"}],"wp:attachment":[{"href":"https:\/\/serviclean.be\/de\/wp-json\/wp\/v2\/media?parent=29605"}],"wp:term":[{"taxonomy":"product_brand","embeddable":true,"href":"https:\/\/serviclean.be\/de\/wp-json\/wp\/v2\/product_brand?post=29605"},{"taxonomy":"product_cat","embeddable":true,"href":"https:\/\/serviclean.be\/de\/wp-json\/wp\/v2\/product_cat?post=29605"},{"taxonomy":"product_tag","embeddable":true,"href":"https:\/\/serviclean.be\/de\/wp-json\/wp\/v2\/product_tag?post=29605"}],"curies":[{"name":"wp","href":"https:\/\/api.w.org\/{rel}","templated":true}]}}