{"id":29600,"date":"2025-04-26T16:39:28","date_gmt":"2025-04-26T14:39:28","guid":{"rendered":"https:\/\/serviclean.be\/produit\/finish-regeneriersalz-4-kg-kalkschutz\/"},"modified":"2025-04-26T16:39:28","modified_gmt":"2025-04-26T14:39:28","slug":"finish-regeneriersalz-4-kg-kalkschutz","status":"publish","type":"product","link":"https:\/\/serviclean.be\/de\/produit\/finish-regeneriersalz-4-kg-kalkschutz\/","title":{"rendered":"Finish Regeneriersalz 4 kg \u2013 Kalkschutz"},"content":{"rendered":"<p>Finish Regeneriersalz sch\u00fctzt Ihr Geschirr und Ihre Sp\u00fclmaschine vor Kalk und bewahrt so die Effizienz und Langlebigkeit Ihres Ger\u00e4ts.<\/p>\n","protected":false},"excerpt":{"rendered":"<p>Regeneriersalz 4 kg zum Schutz von Sp\u00fclmaschine und Geschirr vor Kalk.<\/p>\n<p><strong><span style=\"color: #008000;\">Ref.: 5138<\/span><\/strong><\/p>\n","protected":false},"featured_media":20412,"template":"","meta":[],"product_brand":[],"product_cat":[642],"product_tag":[],"class_list":{"0":"post-29600","1":"product","2":"type-product","3":"status-publish","4":"has-post-thumbnail","6":"product_cat-geschirrspulmaschinen-professionell","8":"first","9":"instock","10":"taxable","11":"shipping-taxable","12":"purchasable","13":"product-type-simple"},"acf":[],"_links":{"self":[{"href":"https:\/\/serviclean.be\/de\/wp-json\/wp\/v2\/product\/29600","targetHints":{"allow":["GET"]}}],"collection":[{"href":"https:\/\/serviclean.be\/de\/wp-json\/wp\/v2\/product"}],"about":[{"href":"https:\/\/serviclean.be\/de\/wp-json\/wp\/v2\/types\/product"}],"wp:featuredmedia":[{"embeddable":true,"href":"https:\/\/serviclean.be\/de\/wp-json\/wp\/v2\/media\/20412"}],"wp:attachment":[{"href":"https:\/\/serviclean.be\/de\/wp-json\/wp\/v2\/media?parent=29600"}],"wp:term":[{"taxonomy":"product_brand","embeddable":true,"href":"https:\/\/serviclean.be\/de\/wp-json\/wp\/v2\/product_brand?post=29600"},{"taxonomy":"product_cat","embeddable":true,"href":"https:\/\/serviclean.be\/de\/wp-json\/wp\/v2\/product_cat?post=29600"},{"taxonomy":"product_tag","embeddable":true,"href":"https:\/\/serviclean.be\/de\/wp-json\/wp\/v2\/product_tag?post=29600"}],"curies":[{"name":"wp","href":"https:\/\/api.w.org\/{rel}","templated":true}]}}