{"id":29599,"date":"2025-04-26T17:40:27","date_gmt":"2025-04-26T15:40:27","guid":{"rendered":"https:\/\/serviclean.be\/produit\/vanish-oxi-advance\/"},"modified":"2025-04-26T17:40:27","modified_gmt":"2025-04-26T15:40:27","slug":"vanish-oxi-advance","status":"publish","type":"product","link":"https:\/\/serviclean.be\/de\/produit\/vanish-oxi-advance\/","title":{"rendered":"Vanish Oxi Advance"},"content":{"rendered":"<p>Vanish Oxi Advance \u2013 Pulver 840 g ist ein Hochleistungs-Fleckentferner in Pulverform, der weit \u00fcber die reine Fleckenentfernung hinausgeht. Dank seiner mit aktivem Sauerstoff angereicherten Formel entfernt es hartn\u00e4ckige Flecken ab 30\u00b0C und pflegt dabei Ihre Textilien. <\/p>\n<p>Seine fortschrittliche Technologie verhindert Farb\u00fcbertragung, beseitigt unangenehme Ger\u00fcche und garantiert perfekte Hygiene, W\u00e4sche f\u00fcr W\u00e4sche. Anwendbar auf Wei\u00dfem wie auf Buntem, als Erg\u00e4nzung zu Ihrem gewohnten Waschmittel, zum Einweichen oder zur Vorbehandlung. <\/p>\n<p><strong>Hauptmerkmale<\/strong><\/p>\n<ul>\n<li>Entfernt Flecken ab 30\u00b0C, selbst die hartn\u00e4ckigsten<\/li>\n<li>Verhindert Farb\u00fcbertragung zwischen Kleidungsst\u00fccken<\/li>\n<li>Beseitigt wirksam hartn\u00e4ckige Ger\u00fcche<\/li>\n<li>Sorgt f\u00fcr perfekte Hygiene bei jeder W\u00e4sche<\/li>\n<li>Inhalt: 840 Gramm Vanish Oxi Advance Pulver<\/li>\n<\/ul>\n","protected":false},"excerpt":{"rendered":"<p>Vanish Oxi Advance Pulver 840 g. Multi-Action-Fleckentferner ab 30\u00b0C. Anti-Flecken, Anti-Geruch, Anti-Farb\u00fcbertragung. Perfekte W\u00e4schehygiene.   <\/p>\n<p><strong><span style=\"color: #008000;\">Art.-Nr.: 2056<\/span><\/strong><\/p>\n","protected":false},"featured_media":20428,"template":"","meta":[],"product_brand":[],"product_cat":[602],"product_tag":[],"class_list":{"0":"post-29599","1":"product","2":"type-product","3":"status-publish","4":"has-post-thumbnail","6":"product_cat-waschmittel-und-weichspuler","8":"first","9":"instock","10":"taxable","11":"shipping-taxable","12":"purchasable","13":"product-type-simple"},"acf":[],"_links":{"self":[{"href":"https:\/\/serviclean.be\/de\/wp-json\/wp\/v2\/product\/29599","targetHints":{"allow":["GET"]}}],"collection":[{"href":"https:\/\/serviclean.be\/de\/wp-json\/wp\/v2\/product"}],"about":[{"href":"https:\/\/serviclean.be\/de\/wp-json\/wp\/v2\/types\/product"}],"wp:featuredmedia":[{"embeddable":true,"href":"https:\/\/serviclean.be\/de\/wp-json\/wp\/v2\/media\/20428"}],"wp:attachment":[{"href":"https:\/\/serviclean.be\/de\/wp-json\/wp\/v2\/media?parent=29599"}],"wp:term":[{"taxonomy":"product_brand","embeddable":true,"href":"https:\/\/serviclean.be\/de\/wp-json\/wp\/v2\/product_brand?post=29599"},{"taxonomy":"product_cat","embeddable":true,"href":"https:\/\/serviclean.be\/de\/wp-json\/wp\/v2\/product_cat?post=29599"},{"taxonomy":"product_tag","embeddable":true,"href":"https:\/\/serviclean.be\/de\/wp-json\/wp\/v2\/product_tag?post=29599"}],"curies":[{"name":"wp","href":"https:\/\/api.w.org\/{rel}","templated":true}]}}