{"id":29596,"date":"2025-04-26T17:06:22","date_gmt":"2025-04-26T15:06:22","guid":{"rendered":"https:\/\/serviclean.be\/produit\/le-chat-handseife-mit-rosmarin-500-ml\/"},"modified":"2025-04-26T17:06:22","modified_gmt":"2025-04-26T15:06:22","slug":"le-chat-handseife-mit-rosmarin-500-ml","status":"publish","type":"product","link":"https:\/\/serviclean.be\/de\/produit\/le-chat-handseife-mit-rosmarin-500-ml\/","title":{"rendered":"Le Chat Handseife mit Rosmarin 500 ml"},"content":{"rendered":"<p>Die Le Chat Handseife mit Rosmarin 500 ml reinigt effektiv und zugleich sanft. Ihre mit Rosmarin angereicherte Formel hinterl\u00e4sst ein angenehmes Frischegef\u00fchl und einen nat\u00fcrlichen Duft auf der Haut. Sie ist f\u00fcr die h\u00e4ufige Anwendung geeignet, schont das Hautgleichgewicht und ist f\u00fcr die ganze Familie passend. Die 500-ml-Pumpflasche ist praktisch f\u00fcr den t\u00e4glichen Gebrauch zu Hause, im B\u00fcro oder in Gemeinschaftseinrichtungen.   <\/p>\n","protected":false},"excerpt":{"rendered":"<p>Le Chat Handseife mit Rosmarin 500 ml, reinigt sanft, frischer Duft, h\u00e4ufige Anwendung, praktische Pumpflasche.<\/p>\n<p><strong><span style=\"color: #008000;\">Art.-Nr.: 2448<\/span><\/strong><\/p>\n","protected":false},"featured_media":20414,"template":"","meta":[],"product_brand":[],"product_cat":[571],"product_tag":[],"class_list":{"0":"post-29596","1":"product","2":"type-product","3":"status-publish","4":"has-post-thumbnail","6":"product_cat-handhygiene","8":"first","9":"outofstock","10":"taxable","11":"shipping-taxable","12":"product-type-simple"},"acf":[],"_links":{"self":[{"href":"https:\/\/serviclean.be\/de\/wp-json\/wp\/v2\/product\/29596","targetHints":{"allow":["GET"]}}],"collection":[{"href":"https:\/\/serviclean.be\/de\/wp-json\/wp\/v2\/product"}],"about":[{"href":"https:\/\/serviclean.be\/de\/wp-json\/wp\/v2\/types\/product"}],"wp:featuredmedia":[{"embeddable":true,"href":"https:\/\/serviclean.be\/de\/wp-json\/wp\/v2\/media\/20414"}],"wp:attachment":[{"href":"https:\/\/serviclean.be\/de\/wp-json\/wp\/v2\/media?parent=29596"}],"wp:term":[{"taxonomy":"product_brand","embeddable":true,"href":"https:\/\/serviclean.be\/de\/wp-json\/wp\/v2\/product_brand?post=29596"},{"taxonomy":"product_cat","embeddable":true,"href":"https:\/\/serviclean.be\/de\/wp-json\/wp\/v2\/product_cat?post=29596"},{"taxonomy":"product_tag","embeddable":true,"href":"https:\/\/serviclean.be\/de\/wp-json\/wp\/v2\/product_tag?post=29596"}],"curies":[{"name":"wp","href":"https:\/\/api.w.org\/{rel}","templated":true}]}}