{"id":29579,"date":"2023-04-01T17:58:08","date_gmt":"2023-04-01T15:58:08","guid":{"rendered":"https:\/\/serviclean.be\/produit\/green-r-floors-ecolabel-bodenreiniger-5l\/"},"modified":"2023-04-01T17:58:08","modified_gmt":"2023-04-01T15:58:08","slug":"green-r-floors-ecolabel-bodenreiniger-5l","status":"publish","type":"product","link":"https:\/\/serviclean.be\/de\/produit\/green-r-floors-ecolabel-bodenreiniger-5l\/","title":{"rendered":"GREEN R FLOORS \u2013 Ecolabel-Bodenreiniger 5L"},"content":{"rendered":"<p>GREEN R FLOORS ist ein \u00f6kologischer und hochwirksamer Multi-Usages-Reiniger, ideal f\u00fcr alle Arten von B\u00f6den und waschbaren Oberfl\u00e4chen. Seine pH-neutrale, nicht sch\u00e4umende Formel eignet sich sowohl f\u00fcr die manuelle Anwendung als auch f\u00fcr industrielle Maschinen (Scheuersaugmaschinen). Er reinigt effektiv und verleiht gleichzeitig Glanz und Strahlkraft, auch auf gesch\u00fctzten B\u00f6den und empfindlichen Oberfl\u00e4chen.  <\/p>\n<p>Mit seinem sanften und frischen Blumenduft nach Granatapfelbl\u00fcte hinterl\u00e4sst er einen angenehmen Geruch ohne R\u00fcckst\u00e4nde. Dieses Produkt ist f\u00fcr den Lebensmittelkontakt zugelassen und garantiert eine sichere Reinigung in lebensmittelverarbeitenden Betrieben. <\/p>\n<p><strong>Gebrauchsanweisung:<\/strong><\/p>\n<p>Je nach Verschmutzungsgrad zu verd\u00fcnnen, f\u00fcr die manuelle Anwendung oder den Maschineneinsatz geeignet. In Lebensmittelbereichen ist ein Nachsp\u00fclen erforderlich, das durch die Formulierung erleichtert wird. <\/p>\n<p><strong>Empfohlene Dosierungen (f\u00fcr 8L Wasser):<\/strong><\/p>\n<ul>\n<li>Stark verschmutzter Boden: 40 ml (5g\/L)<\/li>\n<li>Leicht verschmutzter Boden: 20 ml (2,5g\/L)<\/li>\n<\/ul>\n<p><strong>Eigenschaften:<\/strong><\/p>\n<ul>\n<li>Parf\u00fcmiertes gr\u00fcnes Liquid<\/li>\n<li>pH 8,5-9,5 (bei 1 %: ~8,2)<\/li>\n<li>Dichte: 1,005-1,015<\/li>\n<\/ul>\n","protected":false},"excerpt":{"rendered":"<p>GREEN R FLOORS ist ein 5L Ecolabel-Bodenreiniger, entwickelt f\u00fcr die t\u00e4gliche Pflege waschbarer Oberfl\u00e4chen. Seine umweltfreundliche Formel garantiert eine effektive Reinigung und bewahrt dabei ein Frischegef\u00fchl.  <span style=\"color: #008000;\"><strong>Art.-Nr.:1456<\/strong><\/span><\/p>\n","protected":false},"featured_media":29588,"template":"","meta":[],"product_brand":[],"product_cat":[579,578,644],"product_tag":[],"class_list":{"0":"post-29579","1":"product","2":"type-product","3":"status-publish","4":"has-post-thumbnail","6":"product_cat-bodenreinigung","7":"product_cat-pflegeprodukte","8":"product_cat-umweltzeichen-produkte","10":"first","11":"instock","12":"taxable","13":"shipping-taxable","14":"purchasable","15":"product-type-simple"},"acf":[],"_links":{"self":[{"href":"https:\/\/serviclean.be\/de\/wp-json\/wp\/v2\/product\/29579","targetHints":{"allow":["GET"]}}],"collection":[{"href":"https:\/\/serviclean.be\/de\/wp-json\/wp\/v2\/product"}],"about":[{"href":"https:\/\/serviclean.be\/de\/wp-json\/wp\/v2\/types\/product"}],"wp:featuredmedia":[{"embeddable":true,"href":"https:\/\/serviclean.be\/de\/wp-json\/wp\/v2\/media\/29588"}],"wp:attachment":[{"href":"https:\/\/serviclean.be\/de\/wp-json\/wp\/v2\/media?parent=29579"}],"wp:term":[{"taxonomy":"product_brand","embeddable":true,"href":"https:\/\/serviclean.be\/de\/wp-json\/wp\/v2\/product_brand?post=29579"},{"taxonomy":"product_cat","embeddable":true,"href":"https:\/\/serviclean.be\/de\/wp-json\/wp\/v2\/product_cat?post=29579"},{"taxonomy":"product_tag","embeddable":true,"href":"https:\/\/serviclean.be\/de\/wp-json\/wp\/v2\/product_tag?post=29579"}],"curies":[{"name":"wp","href":"https:\/\/api.w.org\/{rel}","templated":true}]}}