{"id":29574,"date":"2024-12-07T15:45:29","date_gmt":"2024-12-07T14:45:29","guid":{"rendered":"https:\/\/serviclean.be\/produit\/toilettenpapier-2-lagig-400-blatt-40-rollen\/"},"modified":"2024-12-07T15:45:29","modified_gmt":"2024-12-07T14:45:29","slug":"toilettenpapier-2-lagig-400-blatt-40-rollen","status":"publish","type":"product","link":"https:\/\/serviclean.be\/de\/produit\/toilettenpapier-2-lagig-400-blatt-40-rollen\/","title":{"rendered":"Toilettenpapier, 2-lagig, 400 Blatt, 40 Rollen"},"content":{"rendered":"<p data-start=\"63\" data-end=\"80\"><strong data-start=\"63\" data-end=\"80\">Beschreibung:<\/strong><\/p>\n<p data-start=\"82\" data-end=\"588\">Das 2-lagige Toilettenpapier bietet optimalen Komfort mit 400 Blatt pro Rolle. Ideal f\u00fcr stark frequentierte Umgebungen, garantiert es eine effektive Saugf\u00e4higkeit und ist dabei sanft zur Haut. Diese wirtschaftliche Packung mit 40 Rollen ist darauf ausgelegt, lange zu halten und den Hygieneanforderungen in Hotels, B\u00fcros, Restaurants und anderen \u00f6ffentlichen Bereichen gerecht zu werden. Dank seiner \u00fcberlegenen Qualit\u00e4t gew\u00e4hrleistet es sowohl Komfort als auch Leistung und reduziert gleichzeitig die Anzahl der notwendigen Nachf\u00fcllungen.   <\/p>\n<p data-start=\"590\" data-end=\"624\"><strong data-start=\"590\" data-end=\"624\">Hauptmerkmale:<\/strong><\/p>\n<ul data-start=\"625\" data-end=\"875\">\n<li data-start=\"625\" data-end=\"682\">\n<p data-start=\"627\" data-end=\"682\"><strong data-start=\"627\" data-end=\"637\">2-lagig<\/strong> f\u00fcr bessere Saugf\u00e4higkeit und Rei\u00dffestigkeit.<\/p>\n<\/li>\n<li data-start=\"683\" data-end=\"744\">\n<p data-start=\"685\" data-end=\"744\"><strong data-start=\"685\" data-end=\"700\">400 Blatt<\/strong> pro Rolle f\u00fcr l\u00e4ngere Nutzung.<\/p>\n<\/li>\n<li data-start=\"745\" data-end=\"817\">\n<p data-start=\"747\" data-end=\"817\"><strong data-start=\"747\" data-end=\"762\">40 Rollen<\/strong> pro Packung, ideal f\u00fcr stark frequentierte Bereiche.<\/p>\n<\/li>\n<li data-start=\"818\" data-end=\"875\">\n<p data-start=\"820\" data-end=\"875\"><strong data-start=\"820\" data-end=\"841\">Weich und rei\u00dffest<\/strong> f\u00fcr eine komfortable Nutzung.<\/p>\n<\/li>\n<\/ul>\n","protected":false},"excerpt":{"rendered":"<p><strong>2-lagiges Toilettenpapier \u2013 Packung mit 40 Rollen<\/strong><br \/>\nGenie\u00dfen Sie optimalen Komfort mit diesem 2-lagigen Toilettenpapier, das weich, rei\u00dffest und saugf\u00e4hig ist. Jede Rolle enth\u00e4lt 400 Blatt, ideal f\u00fcr stark frequentierte Orte wie Hotels, B\u00fcros oder Restaurants. Ein wirtschaftliches und langlebiges Format f\u00fcr tadellose Hygiene.  <\/p>\n<p><span style=\"color: #008000;\"><strong>Art.-Nr.: 5975<\/strong><\/span><\/p>\n","protected":false},"featured_media":19674,"template":"","meta":[],"product_brand":[],"product_cat":[588],"product_tag":[],"class_list":{"0":"post-29574","1":"product","2":"type-product","3":"status-publish","4":"has-post-thumbnail","6":"product_cat-spender-und-toilettenpapier","8":"first","9":"instock","10":"taxable","11":"shipping-taxable","12":"purchasable","13":"product-type-simple"},"acf":[],"_links":{"self":[{"href":"https:\/\/serviclean.be\/de\/wp-json\/wp\/v2\/product\/29574","targetHints":{"allow":["GET"]}}],"collection":[{"href":"https:\/\/serviclean.be\/de\/wp-json\/wp\/v2\/product"}],"about":[{"href":"https:\/\/serviclean.be\/de\/wp-json\/wp\/v2\/types\/product"}],"wp:featuredmedia":[{"embeddable":true,"href":"https:\/\/serviclean.be\/de\/wp-json\/wp\/v2\/media\/19674"}],"wp:attachment":[{"href":"https:\/\/serviclean.be\/de\/wp-json\/wp\/v2\/media?parent=29574"}],"wp:term":[{"taxonomy":"product_brand","embeddable":true,"href":"https:\/\/serviclean.be\/de\/wp-json\/wp\/v2\/product_brand?post=29574"},{"taxonomy":"product_cat","embeddable":true,"href":"https:\/\/serviclean.be\/de\/wp-json\/wp\/v2\/product_cat?post=29574"},{"taxonomy":"product_tag","embeddable":true,"href":"https:\/\/serviclean.be\/de\/wp-json\/wp\/v2\/product_tag?post=29574"}],"curies":[{"name":"wp","href":"https:\/\/api.w.org\/{rel}","templated":true}]}}